{"id":14,"date":"2014-10-14T21:46:42","date_gmt":"2014-10-14T20:46:42","guid":{"rendered":"http:\/\/sdhmalahrastice.cz\/?page_id=14"},"modified":"2024-05-01T10:53:09","modified_gmt":"2024-05-01T09:53:09","slug":"informace","status":"publish","type":"page","link":"https:\/\/www.sdhmalahrastice.cz\/?page_id=14","title":{"rendered":"Z\u00e1sahov\u00e1 jednotka"},"content":{"rendered":"<p style=\"text-align: justify;\"><em><strong>V\u00fdstroj:<\/strong> z\u00e1sahov\u00e9 obleky<\/em><em> BUSHFIRE, t\u0159\u00edvrstv\u00e9 z\u00e1sahov\u00e9 obleky, obuv HAIX FIREFLASH, z\u00e1sahov\u00e9 p\u0159ilby Gallet F1 SF a z\u00e1sahov\u00e9 rukavice RUBY .<\/em><\/p>\n<p style=\"text-align: justify;\"><strong><em>Technika: <\/em><\/strong><em>Dopravn\u00ed automobil FORD, p<\/em><em>\u0159\u00edv\u011bsn\u00fd voz\u00edk, PPS 12, plovouc\u00ed \u010derpadlo,&nbsp;CAS 25 \u0160koda 706 RTHP, kalov\u00e9 \u010derpadlo Heron, vys\u00edla\u010dky Motorola, nov\u011b i elektrocentr\u00e1la HONDA, p\u0159\u00eddavn\u00e9 LEDkov\u00e9 sto\u017e\u00e1rov\u00e9 osv\u011btlen\u00ed a 8 metrov\u00fd \u017eeb\u0159\u00edk.<\/em><\/p>\n<table style=\"height: 480px;\" border=\"0\" width=\"478\" cellspacing=\"0\" cellpadding=\"0\">\n<tbody>\n<tr>\n<td class=\"xl67\" colspan=\"3\" width=\"453\" height=\"21\">\n<h5>Z\u00e1sahov\u00e1 jednotka<\/h5>\n<\/td>\n<\/tr>\n<tr>\n<td class=\"xl69\" height=\"21\">\n<h6><strong>Velitel jednotky<\/strong>:<\/h6>\n<\/td>\n<td class=\"xl70\">\n<h6>Sou\u010dek Radim<\/h6>\n<\/td>\n<td class=\"xl73\" height=\"20\">\n<h6>603 202 679<\/h6>\n<\/td>\n<\/tr>\n<tr>\n<td class=\"xl73\" height=\"20\">&nbsp;<strong style=\"font-size: 16px;\">Velitel dru\u017estva<\/strong><span style=\"font-size: 16px; font-weight: bold;\">:<\/span><\/td>\n<td class=\"xl74\">\n<h6>Wiedermann Roman<\/h6>\n<\/td>\n<td class=\"xl73\" height=\"20\">\n<h6>603 268 134<\/h6>\n<\/td>\n<\/tr>\n<tr>\n<td class=\"xl73\" height=\"20\">\n<h6>&nbsp;<\/h6>\n<\/td>\n<td class=\"xl74\">\n<h6>Sou\u010dek \u0160t\u011bp\u00e1n<\/h6>\n<\/td>\n<td class=\"xl73\" height=\"20\">\n<h6>606 896 343<\/h6>\n<\/td>\n<\/tr>\n<tr>\n<td class=\"xl73\" height=\"20\">\n<h6><strong>Strojn\u00edci<\/strong>:<\/h6>\n<\/td>\n<td class=\"xl74\">\n<h6>Sou\u010dek Radek<\/h6>\n<\/td>\n<td class=\"xl73\" height=\"20\">\n<h6>603 498 483<\/h6>\n<\/td>\n<\/tr>\n<tr>\n<td class=\"xl73\" height=\"20\">\n<h6>&nbsp;<\/h6>\n<\/td>\n<td class=\"xl74\">\n<h6>Sou\u010dek Lubo\u0161<\/h6>\n<\/td>\n<td class=\"xl73\" height=\"20\">\n<h6>604 485 127<\/h6>\n<\/td>\n<\/tr>\n<tr>\n<td class=\"xl73\" height=\"20\">\n<h6>&nbsp;<\/h6>\n<\/td>\n<td class=\"xl74\">\n<h6>Sob\u011bslavsk\u00fd Radek<\/h6>\n<\/td>\n<td class=\"xl73\" height=\"20\">\n<h6>605 467 117<\/h6>\n<\/td>\n<\/tr>\n<tr>\n<td class=\"xl73\" height=\"20\">\n<h6>&nbsp;<\/h6>\n<\/td>\n<td class=\"xl74\">\n<h6>Sou\u010dek Lubo\u0161 ml.<\/h6>\n<\/td>\n<td class=\"xl73\" height=\"20\">\n<h6>732 572 537<\/h6>\n<\/td>\n<\/tr>\n<tr>\n<td class=\"xl73\" height=\"20\">\n<h6>&nbsp;<strong>\u010clenov\u00e9<\/strong>:<\/h6>\n<\/td>\n<td class=\"xl74\">\n<h6>Popek Pavel<\/h6>\n<\/td>\n<td class=\"xl73\" height=\"20\">\n<h6>736 675 216<\/h6>\n<\/td>\n<\/tr>\n<tr>\n<td class=\"xl73\" height=\"20\">\n<h6>&nbsp;<\/h6>\n<\/td>\n<td class=\"xl74\">\n<h6>Bart\u00e1k Zden\u011bk<\/h6>\n<\/td>\n<td class=\"xl73\" height=\"20\">\n<h6>602 838 822<\/h6>\n<\/td>\n<\/tr>\n<tr>\n<td class=\"xl73\" height=\"20\">\n<h6>&nbsp;<\/h6>\n<\/td>\n<td class=\"xl74\">\n<h6>Sou\u010dek Tom\u00e1\u0161<\/h6>\n<\/td>\n<td class=\"xl73\" height=\"20\">\n<h6>733 770 122<\/h6>\n<\/td>\n<\/tr>\n<tr>\n<td class=\"xl73\" height=\"20\">&nbsp;<\/td>\n<td class=\"xl74\">\n<h6>Jakub Bart\u00e1k<\/h6>\n<\/td>\n<td class=\"xl73\" height=\"20\">\n<h6>739 118 431<\/h6>\n<\/td>\n<\/tr>\n<tr>\n<td class=\"xl73\" height=\"20\">&nbsp;<\/td>\n<td class=\"xl74\">\n<h6>Bi\u010di\u0161t\u011b Roman<\/h6>\n<\/td>\n<td class=\"xl73\" height=\"20\">\n<h6>773 822 605<\/h6>\n<\/td>\n<\/tr>\n<\/tbody>\n<\/table>\n<p>&nbsp;<\/p>\n<p>&nbsp;<\/p>\n","protected":false},"excerpt":{"rendered":"<p>V\u00fdstroj: z\u00e1sahov\u00e9 obleky BUSHFIRE, t\u0159\u00edvrstv\u00e9 z\u00e1sahov\u00e9 obleky, obuv HAIX FIREFLASH, z\u00e1sahov\u00e9 p\u0159ilby Gallet F1 SF a z\u00e1sahov\u00e9 rukavice RUBY . Technika: Dopravn\u00ed automobil FORD, p\u0159\u00edv\u011bsn\u00fd voz\u00edk, PPS 12, plovouc\u00ed \u010derpadlo,&nbsp;CAS 25 \u0160koda 706 RTHP, kalov\u00e9 \u010derpadlo Heron, vys\u00edla\u010dky Motorola, nov\u011b i elektrocentr\u00e1la HONDA, p\u0159\u00eddavn\u00e9 LEDkov\u00e9 sto\u017e\u00e1rov\u00e9 osv\u011btlen\u00ed a 8 metrov\u00fd \u017eeb\u0159\u00edk. Z\u00e1sahov\u00e1 jednotka Velitel jednotky: &hellip; <a href=\"https:\/\/www.sdhmalahrastice.cz\/?page_id=14\" class=\"more-link\">Pokra\u010dov\u00e1n\u00ed textu <span class=\"screen-reader-text\">Z\u00e1sahov\u00e1 jednotka<\/span> <span class=\"meta-nav\">&rarr;<\/span><\/a><\/p>\n","protected":false},"author":1,"featured_media":0,"parent":0,"menu_order":4,"comment_status":"closed","ping_status":"closed","template":"page-templates\/full-width.php","meta":{"ngg_post_thumbnail":0,"footnotes":""},"class_list":["post-14","page","type-page","status-publish","hentry"],"_links":{"self":[{"href":"https:\/\/www.sdhmalahrastice.cz\/index.php?rest_route=\/wp\/v2\/pages\/14","targetHints":{"allow":["GET"]}}],"collection":[{"href":"https:\/\/www.sdhmalahrastice.cz\/index.php?rest_route=\/wp\/v2\/pages"}],"about":[{"href":"https:\/\/www.sdhmalahrastice.cz\/index.php?rest_route=\/wp\/v2\/types\/page"}],"author":[{"embeddable":true,"href":"https:\/\/www.sdhmalahrastice.cz\/index.php?rest_route=\/wp\/v2\/users\/1"}],"replies":[{"embeddable":true,"href":"https:\/\/www.sdhmalahrastice.cz\/index.php?rest_route=%2Fwp%2Fv2%2Fcomments&post=14"}],"version-history":[{"count":25,"href":"https:\/\/www.sdhmalahrastice.cz\/index.php?rest_route=\/wp\/v2\/pages\/14\/revisions"}],"predecessor-version":[{"id":5345,"href":"https:\/\/www.sdhmalahrastice.cz\/index.php?rest_route=\/wp\/v2\/pages\/14\/revisions\/5345"}],"wp:attachment":[{"href":"https:\/\/www.sdhmalahrastice.cz\/index.php?rest_route=%2Fwp%2Fv2%2Fmedia&parent=14"}],"curies":[{"name":"wp","href":"https:\/\/api.w.org\/{rel}","templated":true}]}}