{"id":1666,"date":"2015-05-26T13:29:38","date_gmt":"2015-05-26T12:29:38","guid":{"rendered":"http:\/\/sdhmalahrastice.cz\/?page_id=1666"},"modified":"2018-11-05T15:08:26","modified_gmt":"2018-11-05T14:08:26","slug":"hlaseni-paleni","status":"publish","type":"page","link":"https:\/\/www.sdhmalahrastice.cz\/?page_id=1666","title":{"rendered":"Hl\u00e1\u0161en\u00ed p\u00e1len\u00ed"},"content":{"rendered":"<p style=\"text-align: left;\"><strong><span style=\"text-decoration: underline;\"><a title=\"Hl\u00e1\u0161en\u00ed p\u00e1len\u00ed\" href=\"https:\/\/paleni.izscr.cz\/\" target=\"_blank\" rel=\"noopener\">Formul\u00e1\u0159 &#8211; Ohla\u0161ov\u00e1n\u00ed p\u00e1len\u00ed l\u00e1tek p\u0159\u00edrodn\u00edho charakteru<\/a><\/span>&nbsp;<\/strong>na webov\u00fdch str\u00e1nk\u00e1ch Hasi\u010dsk\u00e9ho z\u00e1chrann\u00e9ho sboru St\u0159edo\u010desk\u00e9ho kraje.<\/p>\n<p style=\"text-align: left;\">Sta\u010d\u00ed kliknout na obr\u00e1zek n\u00ed\u017ee nebo na zelen\u00fd podtr\u017een\u00fd odkaz.<a href=\"https:\/\/paleni.izscr.cz\/\" target=\"_blank\" rel=\"https:\/\/paleni.izscr.cz\/ noopener\"><img loading=\"lazy\" decoding=\"async\" class=\"aligncenter wp-image-1659 size-full\" src=\"https:\/\/www.sdhmalahrastice.cz\/wp-content\/uploads\/2014\/10\/logo.jpg\" alt=\"logo\" width=\"92\" height=\"127\"\/><\/a><\/p>\n<p>&nbsp;<\/p>\n","protected":false},"excerpt":{"rendered":"<p>Formul\u00e1\u0159 &#8211; Ohla\u0161ov\u00e1n\u00ed p\u00e1len\u00ed l\u00e1tek p\u0159\u00edrodn\u00edho charakteru&nbsp;na webov\u00fdch str\u00e1nk\u00e1ch Hasi\u010dsk\u00e9ho z\u00e1chrann\u00e9ho sboru St\u0159edo\u010desk\u00e9ho kraje. Sta\u010d\u00ed kliknout na obr\u00e1zek n\u00ed\u017ee nebo na zelen\u00fd podtr\u017een\u00fd odkaz. &nbsp;<\/p>\n","protected":false},"author":1,"featured_media":0,"parent":0,"menu_order":2,"comment_status":"closed","ping_status":"closed","template":"page-templates\/full-width.php","meta":{"ngg_post_thumbnail":0,"footnotes":""},"class_list":["post-1666","page","type-page","status-publish","hentry"],"_links":{"self":[{"href":"https:\/\/www.sdhmalahrastice.cz\/index.php?rest_route=\/wp\/v2\/pages\/1666","targetHints":{"allow":["GET"]}}],"collection":[{"href":"https:\/\/www.sdhmalahrastice.cz\/index.php?rest_route=\/wp\/v2\/pages"}],"about":[{"href":"https:\/\/www.sdhmalahrastice.cz\/index.php?rest_route=\/wp\/v2\/types\/page"}],"author":[{"embeddable":true,"href":"https:\/\/www.sdhmalahrastice.cz\/index.php?rest_route=\/wp\/v2\/users\/1"}],"replies":[{"embeddable":true,"href":"https:\/\/www.sdhmalahrastice.cz\/index.php?rest_route=%2Fwp%2Fv2%2Fcomments&post=1666"}],"version-history":[{"count":6,"href":"https:\/\/www.sdhmalahrastice.cz\/index.php?rest_route=\/wp\/v2\/pages\/1666\/revisions"}],"predecessor-version":[{"id":3912,"href":"https:\/\/www.sdhmalahrastice.cz\/index.php?rest_route=\/wp\/v2\/pages\/1666\/revisions\/3912"}],"wp:attachment":[{"href":"https:\/\/www.sdhmalahrastice.cz\/index.php?rest_route=%2Fwp%2Fv2%2Fmedia&parent=1666"}],"curies":[{"name":"wp","href":"https:\/\/api.w.org\/{rel}","templated":true}]}}