{"id":289,"date":"2014-10-25T13:07:16","date_gmt":"2014-10-25T12:07:16","guid":{"rendered":"http:\/\/sdhmalahrastice.cz\/?page_id=289"},"modified":"2019-03-05T10:52:15","modified_gmt":"2019-03-05T09:52:15","slug":"oblibene-odkazy","status":"publish","type":"page","link":"https:\/\/www.sdhmalahrastice.cz\/?page_id=289","title":{"rendered":"Odkazy"},"content":{"rendered":"<p><a title=\"Obec Mal\u00e1 Hra\u0161tice\" href=\"http:\/\/www.malahrastice.cz\/\" target=\"_blank\" rel=\"noopener\">Obec Mal\u00e1 Hra\u0161tice<\/a><\/p>\n<p><a title=\"OSH P\u0159\u00edbram\" href=\"http:\/\/www.oshpribram.cz\/\" target=\"_blank\" rel=\"noopener\">OSH P\u0159\u00edbram<\/a><\/p>\n<p><a title=\"Hl\u00e1\u0161en\u00ed p\u00e1len\u00ed\" href=\"http:\/\/hzssk.webrex.cz\/?menu=3\" target=\"_blank\" rel=\"noopener\">Ohla\u0161ov\u00e1n\u00ed p\u00e1len\u00ed<\/a>&nbsp;na&nbsp;Hasi\u010dsk\u00fd z\u00e1chrann\u00fd sbor St\u0159edo\u010desk\u00e9ho kraje<\/p>\n<p><a title=\"PROBO V\u00fdzbrojna\" href=\"http:\/\/probo-nb.cz\/\" target=\"_blank\" rel=\"noopener\">PROBO V\u00fdzbrojna<\/a><\/p>\n<p><a title=\"Po\u017e\u00e1ry.cz\" href=\"http:\/\/www.pozary.cz\/\" target=\"_blank\" rel=\"noopener\">Po\u017e\u00e1ry.cz<\/a><\/p>\n<p><a title=\"SDH Velk\u00e1 Hra\u0161tice\" href=\"http:\/\/hasicivelkahrastice.cz\" target=\"_blank\" rel=\"noopener\">SDH Velk\u00e1 Hra\u0161tice<\/a><\/p>\n<p><a title=\"SDH Velk\u00e1 Le\u010dice\" href=\"http:\/\/www.sdh-velka-lecice.estranky.cz\/\" target=\"_blank\" rel=\"noopener\">SDH Velk\u00e1 Le\u010dice<\/a><\/p>\n<p><a title=\"SDH Nov\u00e1 Ves pod Ple\u0161\u00ed\" href=\"http:\/\/www.sdhnovavespodplesi.cz\/\" target=\"_blank\" rel=\"noopener\">SDH Nov\u00e1 Ves pod Ple\u0161\u00ed<\/a><\/p>\n<p><a title=\"SDH Nov\u00e9 Dvory (\u017d\u010f\u00e1r n. S\u00e1zavou)\" href=\"http:\/\/www.novedvory.eu\/\" target=\"_blank\" rel=\"noopener\">SDH Nov\u00e9 Dvory (\u017d\u010f\u00e1r n. S\u00e1zavou)<\/a><\/p>\n<p><a title=\"V\u00fdzbrojna PO-BP\" href=\"http:\/\/www.po-bp.cz\/?v=1\" target=\"_blank\" rel=\"noopener\">V\u00fdzbrojna PO-BP<\/a><\/p>\n<p><a href=\"http:\/\/www.jvpo.cz\/\" target=\"_blank\" rel=\"noopener\">V\u00fdzbrojna JVPO &#8211; P\u0159\u00edbram<\/a><\/p>\n","protected":false},"excerpt":{"rendered":"<p>Obec Mal\u00e1 Hra\u0161tice OSH P\u0159\u00edbram Ohla\u0161ov\u00e1n\u00ed p\u00e1len\u00ed&nbsp;na&nbsp;Hasi\u010dsk\u00fd z\u00e1chrann\u00fd sbor St\u0159edo\u010desk\u00e9ho kraje PROBO V\u00fdzbrojna Po\u017e\u00e1ry.cz SDH Velk\u00e1 Hra\u0161tice SDH Velk\u00e1 Le\u010dice SDH Nov\u00e1 Ves pod Ple\u0161\u00ed SDH Nov\u00e9 Dvory (\u017d\u010f\u00e1r n. S\u00e1zavou) V\u00fdzbrojna PO-BP V\u00fdzbrojna JVPO &#8211; P\u0159\u00edbram<\/p>\n","protected":false},"author":1,"featured_media":0,"parent":0,"menu_order":11,"comment_status":"closed","ping_status":"closed","template":"page-templates\/full-width.php","meta":{"ngg_post_thumbnail":0,"footnotes":""},"class_list":["post-289","page","type-page","status-publish","hentry"],"_links":{"self":[{"href":"https:\/\/www.sdhmalahrastice.cz\/index.php?rest_route=\/wp\/v2\/pages\/289","targetHints":{"allow":["GET"]}}],"collection":[{"href":"https:\/\/www.sdhmalahrastice.cz\/index.php?rest_route=\/wp\/v2\/pages"}],"about":[{"href":"https:\/\/www.sdhmalahrastice.cz\/index.php?rest_route=\/wp\/v2\/types\/page"}],"author":[{"embeddable":true,"href":"https:\/\/www.sdhmalahrastice.cz\/index.php?rest_route=\/wp\/v2\/users\/1"}],"replies":[{"embeddable":true,"href":"https:\/\/www.sdhmalahrastice.cz\/index.php?rest_route=%2Fwp%2Fv2%2Fcomments&post=289"}],"version-history":[{"count":8,"href":"https:\/\/www.sdhmalahrastice.cz\/index.php?rest_route=\/wp\/v2\/pages\/289\/revisions"}],"predecessor-version":[{"id":4048,"href":"https:\/\/www.sdhmalahrastice.cz\/index.php?rest_route=\/wp\/v2\/pages\/289\/revisions\/4048"}],"wp:attachment":[{"href":"https:\/\/www.sdhmalahrastice.cz\/index.php?rest_route=%2Fwp%2Fv2%2Fmedia&parent=289"}],"curies":[{"name":"wp","href":"https:\/\/api.w.org\/{rel}","templated":true}]}}