{"id":313,"date":"2014-10-27T20:47:11","date_gmt":"2014-10-27T19:47:11","guid":{"rendered":"http:\/\/sdhmalahrastice.cz\/?page_id=313"},"modified":"2025-11-25T08:35:30","modified_gmt":"2025-11-25T07:35:30","slug":"souteze","status":"publish","type":"page","link":"https:\/\/www.sdhmalahrastice.cz\/?page_id=313","title":{"rendered":"Sout\u011b\u017ee"},"content":{"rendered":"<p>Na\u0161e \u00fa\u010dast na sout\u011b\u017e\u00edch<\/p>\n<p style=\"text-align: center;\"><strong>2025<\/strong><\/p>\n<p><a href=\"https:\/\/www.sdhmalahrastice.cz\/?p=5798\" data-type=\"post\" data-id=\"5798\"><strong>13. 9. 2025<\/strong>&nbsp;\u2013 &nbsp;No\u010dn\u00ed sout\u011b\u017e ve Velk\u00e9 Hra\u0161tici<\/a>&nbsp;<\/p>\n<p><a href=\"https:\/\/www.sdhmalahrastice.cz\/?p=5794\" data-type=\"post\" data-id=\"5794\"><strong>23. 8. 2025<\/strong> \u2013 Hasi\u010dsk\u00e1 sout\u011b\u017e ko\u0148sk\u00fdch st\u0159\u00edka\u010dek v Kyt\u00edn\u011b<\/a><\/p>\n<p><a href=\"https:\/\/www.sdhmalahrastice.cz\/?p=5792\" data-type=\"post\" data-id=\"5792\"><strong>16. 8. 2025<\/strong>&nbsp;\u2013 Hasi\u010dsk\u00e1 sout\u011b\u017e ve Star\u00e9 Huti<\/a><\/p>\n<p><a href=\"https:\/\/www.sdhmalahrastice.cz\/?p=5789\" data-type=\"post\" data-id=\"5789\"><strong>28. 6. 2025<\/strong>&nbsp;\u2013 Hasi\u010dsk\u00e1 sout\u011b\u017e v Nov\u00e9m Kn\u00edn\u011b<\/a><\/p>\n<p><a href=\"https:\/\/www.sdhmalahrastice.cz\/?p=5826\" data-type=\"post\" data-id=\"5826\"><strong>17. 5. 2025<\/strong> \u2013 Dosp\u011bl\u00ed \u2013 Z\u00e1kladn\u00ed kolo Okrskov\u00e9 sout\u011b\u017ee v P\u00da ve Velk\u00e9 Le\u010dici<\/a><\/p>\n<p style=\"text-align: center;\"><strong>2024<\/strong><\/p>\n<p><a href=\"https:\/\/www.sdhmalahrastice.cz\/?p=5596\" data-type=\"post\" data-id=\"5596\"><strong>7. 9. 2024<\/strong>&nbsp;\u2013 &nbsp;No\u010dn\u00ed sout\u011b\u017e ve Velk\u00e9 Hra\u0161tici<\/a>&nbsp;<\/p>\n<p><a href=\"https:\/\/www.sdhmalahrastice.cz\/?p=5590\" data-type=\"post\" data-id=\"5590\"><strong>7. 9. 2024<\/strong>&nbsp;\u2013 &nbsp;Memori\u00e1l brat\u0159\u00ed Je\u017ed\u00edk\u016f \u2013 Brat\u0159\u00ednov<\/a>&nbsp;<\/p>\n<p><a href=\"https:\/\/www.sdhmalahrastice.cz\/?p=5554\" data-type=\"post\" data-id=\"5554\"><strong>24. 8. 2024<\/strong>&nbsp;\u2013 Hasi\u010dsk\u00e1 sout\u011b\u017e ko\u0148sk\u00fdch st\u0159\u00edka\u010dek v Kyt\u00edn\u011b<\/a><\/p>\n<p><a href=\"https:\/\/www.sdhmalahrastice.cz\/?p=5550\" data-type=\"post\" data-id=\"5550\"><strong>17. 8. 2024<\/strong>&nbsp;\u2013 100. let od zalo\u017een\u00ed SDH Kr\u00e1my<\/a>&nbsp;<\/p>\n<p><a href=\"https:\/\/www.sdhmalahrastice.cz\/?p=5541\" data-type=\"post\" data-id=\"5541\"><strong>27. 7. 2024<\/strong>&nbsp;\u2013 Poh\u00e1r velitele Velk\u00e1 Hra\u0161tice<\/a>&nbsp;<\/p>\n<p><a href=\"https:\/\/www.sdhmalahrastice.cz\/?p=5529\" data-type=\"post\" data-id=\"5529\"><strong>20. 7. 2024<\/strong>&nbsp;\u2013 Hasi\u010dsk\u00e1 sout\u011b\u017e v Nov\u00e9m Kn\u00edn\u011b<\/a><\/p>\n<p><a href=\"https:\/\/www.sdhmalahrastice.cz\/?p=5489\" data-type=\"post\" data-id=\"5489\"><strong>15. 6. 2024<\/strong> &#8211; Oslavy 100 let od zalo\u017een\u00ed SDH Velk\u00e1 Hra\u0161tice<\/a><\/p>\n<p><a href=\"https:\/\/www.sdhmalahrastice.cz\/?p=5399\" data-type=\"post\" data-id=\"5399\"><strong>11. 5. 2024<\/strong>&nbsp;\u2013 Dosp\u011bl\u00ed Z\u00e1kladn\u00ed kolo Okrskov\u00e9 sout\u011b\u017ee v P\u00da v Nov\u00e9 Vsi pod Ple\u0161\u00ed<\/a><\/p>\n<p style=\"text-align: center;\"><strong>2023<\/strong><\/p>\n<p><a href=\"https:\/\/www.sdhmalahrastice.cz\/?p=5178\" data-type=\"post\" data-id=\"5178\"><strong>29. 7. 2023<\/strong>&nbsp;\u2013 Poh\u00e1r velitele Velk\u00e9 Hra\u0161tice<\/a><\/p>\n<p><a href=\"https:\/\/www.sdhmalahrastice.cz\/?p=5063\" data-type=\"post\" data-id=\"5063\"><strong>17. 6. 2023<\/strong>&nbsp;\u2013 135 let zalo\u017een\u00ed SDH Nov\u00e1 Ves pod Ple\u0161\u00ed<\/a>&nbsp;<\/p>\n<p><a href=\"https:\/\/www.sdhmalahrastice.cz\/?p=5137\" data-type=\"post\" data-id=\"5137\"><strong>20. 5. 2023<\/strong>&nbsp;\u2013 Z\u00e1kladn\u00ed kolo Okrskov\u00e9 sout\u011b\u017ee v P\u00da na n\u00e1vsi ve Velk\u00e9 Hra\u0161tici<\/a>&nbsp;<\/p>\n<p style=\"text-align: center;\"><strong>2022<\/strong><\/p>\n\n\n<p><\/p>\n\n\n\n<p><a href=\"https:\/\/www.sdhmalahrastice.cz\/?p=4899\">10. 9. 2022&nbsp;\u2013 No\u010dn\u00ed sout\u011b\u017e ve Velk\u00e9 Hra\u0161tici<\/a> <\/p>\n\n\n\n<p><a href=\"https:\/\/www.sdhmalahrastice.cz\/?p=4881\">3. 9. 2022<strong> \u2013&nbsp;<\/strong>Oslavy 120 let zalo\u017een\u00ed SDH Sene\u0161nice<\/a><\/p>\n\n\n\n<p><a href=\"https:\/\/www.sdhmalahrastice.cz\/?p=4916\">2. 7. 2022<strong> \u2013&nbsp;<\/strong>Oslavy 140 let zalo\u017een\u00ed SDH Nov\u00fd Kn\u00edn<\/a>&nbsp;<\/p>\n\n\n<p><a href=\"https:\/\/www.sdhmalahrastice.cz\/?p=4831\">21. 5. 2022 \u2013 Z\u00e1kladn\u00ed kolo Okrskov\u00e9 sout\u011b\u017ee v P\u00da v Mal\u00e1 Hra\u0161tici<\/a><\/p>\n<p style=\"text-align: center;\"><strong>2021<\/strong><\/p>\n<p style=\"text-align: center;\"><strong>2020<\/strong><\/p>\n<p>13. 9. 2020&nbsp;\u2013&nbsp;P\u00da Sloup d\u011bti<\/p>\n<p style=\"text-align: center;\"><strong>2019<\/strong><\/p>\n<p>23. 11. 2019&nbsp;\u2013 Zimn\u00ed sout\u011b\u017e P\u0159\u00edbram<\/p>\n<p>16. 11. 2019&nbsp;\u2013 D\u011bti sout\u011b\u017e Svat\u00e9 pole<\/p>\n<p><a href=\"https:\/\/www.sdhmalahrastice.cz\/?p=4337\">28. 9. 2019&nbsp;\u2013 P\u00da Bojanovice<\/a><\/p>\n<p><a href=\"https:\/\/www.sdhmalahrastice.cz\/?p=4295\">14. 9. 2019&nbsp;\u2013 No\u010dn\u00ed sout\u011b\u017e ve Velk\u00e9 Hra\u0161tici<\/a>&nbsp;<\/p>\n<p><a href=\"https:\/\/www.sdhmalahrastice.cz\/?p=4312\">1. 9. 2019 \u2013 7. ro\u010dn\u00edk Derby Mal\u00e1 \u2013 Velk\u00e1 Hra\u0161tice \u2013 Dosp\u011bl\u00e1ci<\/a><\/p>\n<p><a href=\"https:\/\/www.sdhmalahrastice.cz\/?p=4250\">27. 7. 2019&nbsp;\u2013 Poh\u00e1r velitele Velk\u00e1 Hra\u0161tice<\/a><\/p>\n<p><a href=\"https:\/\/www.sdhmalahrastice.cz\/?p=4212\">29. 6. 2019 &#8211; Sout\u011b\u017e o poh\u00e1r starosty obce Kr\u00e1my<\/a><\/p>\n<p><a href=\"https:\/\/www.sdhmalahrastice.cz\/?p=4180\">22. 6. 2019 &#8211; Sout\u011b\u017e o poh\u00e1r starosty obce Nov\u00e1 Ves pod Ple\u0161\u00ed<\/a><\/p>\n<p><a href=\"https:\/\/www.sdhmalahrastice.cz\/?p=4142\">18. 5. 2019 \u2013 Okrskov\u00e1 sout\u011b\u017e na fotbalov\u00e9m h\u0159i\u0161ti ve Velk\u00e9 Le\u010dici&nbsp;<\/a><\/p>\n<p style=\"text-align: center;\"><strong>2018<\/strong><\/p>\n<p><a href=\"https:\/\/www.sdhmalahrastice.cz\/?p=3832\">8. 9. 2018 &#8211; &nbsp;od 20<sup>00 <\/sup>No\u010dn\u00ed sout\u011b\u017e ve Velk\u00e9 Hra\u0161tici<\/a>&nbsp;<\/p>\n<p><a href=\"https:\/\/www.sdhmalahrastice.cz\/?p=3838\">1. 9. 2018&nbsp;&#8211; Poh\u00e1r starosty obce Nov\u00e1 Ves pod Ple\u0161i<\/a><\/p>\n<p><a href=\"https:\/\/www.sdhmalahrastice.cz\/?p=3804\">18. 8. 2018&nbsp;&#8211; Velk\u00e1 Le\u010dice &#8211; 3. ro\u010dn\u00edk Memori\u00e1lu Jeffa Caldy<\/a><\/p>\n<p><a href=\"https:\/\/www.sdhmalahrastice.cz\/?p=3778\">23. 6. 2018 &#8211; 130 let zalo\u017een\u00ed SDH Nov\u00e1 Ves pod Ple\u0161\u00ed<\/a><\/p>\n<p><a href=\"https:\/\/www.sdhmalahrastice.cz\/?p=3954\">27. 5. 2018 &#8211; Okrskov\u00e1 sout\u011b\u017e &#8211; po\u0159\u00e1d\u00e1 SDH Nov\u00e1 Ves pod Ple\u0161\u00ed<\/a><\/p>\n<p style=\"text-align: center;\"><strong>2017<\/strong><\/p>\n<p><a href=\"http:\/\/sdhmalahrastice.cz\/?p=3347\">9. 9. 2017 &#8211; No\u010dn\u00ed sout\u011b\u017e ve Velk\u00e9 Hra\u0161tici&nbsp;<\/a><\/p>\n<p><a href=\"http:\/\/sdhmalahrastice.cz\/?p=3320\">2. 9. 2017&nbsp;&#8211; Poh\u00e1r starosty obce Nov\u00e1 Ves pod Ple\u0161i<\/a>&nbsp;<\/p>\n<p><a href=\"http:\/\/sdhmalahrastice.cz\/?p=3274\">12. 8. 2017&nbsp;&#8211; Velk\u00e1 Le\u010dice &#8211; 2. ro\u010dn\u00edk Memori\u00e1lu Jeffa Caldy<\/a><\/p>\n<p><a href=\"http:\/\/sdhmalahrastice.cz\/?p=3206\">6. 5. 2017&nbsp;&#8211; SDH Velk\u00e1 Hra\u0161tice &#8211; Okrskov\u00e1 sout\u011b\u017e<\/a><\/p>\n<p style=\"text-align: center;\"><strong>2016<\/strong><\/p>\n<p style=\"text-align: left;\"><a href=\"http:\/\/sdhmalahrastice.cz\/?p=2817\">24. 9. 2016 \u2013 O putovn\u00ed poh\u00e1r starosty Lib\u010dice &#8211; dosp\u011bl\u00e1ci<\/a><\/p>\n<p style=\"text-align: left;\"><a href=\"http:\/\/sdhmalahrastice.cz\/?p=2757\">10. 9. 2016 &#8211; No\u010dn\u00ed sout\u011b\u017e &#8211; Velk\u00e1 Hra\u0161tice<\/a><\/p>\n<p style=\"text-align: left;\"><a href=\"http:\/\/sdhmalahrastice.cz\/?p=2716\">28. 8. 2016 \u2013 4. ro\u010dn\u00edk hra\u0161tick\u00e9ho derby&nbsp;(dosp\u011bl\u00e1ci)<\/a><\/p>\n<p style=\"text-align: left;\"><a href=\"http:\/\/sdhmalahrastice.cz\/?p=2688\">13. 8. 2016 &#8211; Velk\u00e1 Le\u010dice &#8211; Memori\u00e1l Jeffa Caldy<\/a><\/p>\n<p style=\"text-align: left;\"><a href=\"http:\/\/sdhmalahrastice.cz\/?p=2678\">30. 7. 2016 &#8211; Poh\u00e1r velitele &#8211; Velk\u00e1 Hra\u0161tice<\/a><\/p>\n<p><a href=\"http:\/\/sdhmalahrastice.cz\/?p=2531\">4. 6. 2016 &#8211; Oslavy v\u00fdro\u010d\u00ed 115. let od zalo\u017een\u00ed sboru v Mal\u00e9 Le\u010dici<\/a><\/p>\n<p><a href=\"http:\/\/sdhmalahrastice.cz\/?p=2473\">14. 5. 2016&nbsp;&#8211; Okrskov\u00e1 sout\u011b\u017e v po\u017e\u00e1rn\u00edm sportu pro d\u011bti i dosp\u011bl\u00e9 v Mal\u00e9 Hra\u0161tici<\/a><\/p>\n<h5 style=\"text-align: center;\">2015<\/h5>\n<p><a href=\"http:\/\/sdhmalahrastice.cz\/?p=1952\">30. 8. 2015 &#8211; 3. Hra\u0161tick\u00e9 derby &#8211; dosp\u011bl\u00e1ci<\/a><\/p>\n<p><a href=\"http:\/\/sdhmalahrastice.cz\/?p=1930\">25. 7. 2015 &#8211; Poh\u00e1r velitele SDH Velk\u00e1 Hra\u0161tice &#8211; dosp\u011bl\u00e1ci<\/a><\/p>\n<p><a href=\"http:\/\/sdhmalahrastice.cz\/?p=1890\">20 6. 2015 &#8211; Oslavy 115. let zalo\u017een\u00ed SDH ve Velk\u00e9 Le\u010dici<\/a><\/p>\n<p><a href=\"http:\/\/sdhmalahrastice.cz\/?p=1644\">17. 5. 2015 &#8211; Okrskov\u00e1 sout\u011b\u017e ve Velk\u00e9 Le\u010dici<\/a><\/p>\n<h5 style=\"text-align: center;\"><span style=\"color: #000000;\"><strong>2014<\/strong><\/span><\/h5>\n<p><a title=\"6. 12. 2014 \u2013 Mikul\u00e1\u0161sk\u00e1 sout\u011b\u017e ve Velk\u00e9 Hra\u0161tici\" href=\"http:\/\/sdhmalahrastice.cz\/?p=724\">6. 12. 2014 &#8211; Mikul\u00e1\u0161sk\u00e1 sout\u011b\u017e ve Velk\u00e9 Hra\u0161tici<\/a><\/p>\n<p><a title=\"20. 9. 2014 POH\u00c1R STAROSTY OBCE LIB\u010cICE\" href=\"http:\/\/sdhmalahrastice.cz\/?p=342\">20. 9. 2014 &#8211; Poh\u00e1r starosty obce Lib\u010dice<\/a><\/p>\n<p><a title=\"13. 9. 2014 NO\u010cN\u00cd SOUT\u011a\u017d VE VELK\u00c9 HRA\u0160TICI\" href=\"http:\/\/sdhmalahrastice.cz\/?p=340\">13. 9. 2014 &#8211; No\u010dn\u00ed sout\u011b\u017e Velk\u00e1 Hra\u0161tice<\/a><\/p>\n<p><a title=\"13. 9. 2014 SOUT\u011a\u017d O PUTOVN\u00cd POH\u00c1R STAROSTY OSH\" href=\"http:\/\/sdhmalahrastice.cz\/?p=338\">13. 9. 2014 &#8211; Poh\u00e1r starosty OSH &#8211; \u017eeny<\/a><\/p>\n<p><a title=\"26. 7. 2014 \u2013 POH\u00c1R VELITELE VELK\u00c1 HRA\u0160TICE\" href=\"http:\/\/sdhmalahrastice.cz\/?p=374\">26. 7. 2014 &#8211; Poh\u00e1r velitele Velk\u00e9 Hra\u0161tice<\/a><\/p>\n<h5 style=\"text-align: center;\"><span style=\"color: #000000;\"><strong>2013<\/strong><\/span><\/h5>\n<p><a title=\"4. 5. 2013 OKRSKOV\u00c1 SOUT\u011a\u017d\" href=\"http:\/\/sdhmalahrastice.cz\/?p=336\">4. 5. 2013 &#8211; Mal\u00e1 Hra\u0161tice &#8211; okrskov\u00e1 sout\u011b\u017e<\/a><\/p>\n<p>10. 8. 2013 &#8211; 13:00 Kyt\u00edn &#8211; Ko\u0148sk\u00e9 st\u0159\u00edka\u010dky<\/p>\n<p><a title=\"14. 9. 2013 NO\u010cN\u00cd SOUT\u011a\u017d \u2013 VELK\u00c1 HRA\u0160TICE\" href=\"http:\/\/sdhmalahrastice.cz\/?p=334\">14. 9. 2013 &#8211; 20:00 &#8211; Velk\u00e1 Hra\u0161tice &#8211; no\u010dn\u00ed sout\u011b\u017e (P\u00da)&nbsp;<\/a><\/p>\n<h5 style=\"text-align: center;\"><span style=\"color: #000000;\"><strong>2012<\/strong><\/span><\/h5>\n<p><a title=\"8. 9. 2012 \u2013 NO\u010cN\u00cd SOUT\u011a\u017d VELK\u00c1 HRA\u0160TICE\" href=\"http:\/\/sdhmalahrastice.cz\/?p=331\">8. 9. 2012 &#8211; Velk\u00e1 Hra\u0161tice &#8211; no\u010dn\u00ed sout\u011b\u017e (P\u00da)<\/a><\/p>","protected":false},"excerpt":{"rendered":"<p>Na\u0161e \u00fa\u010dast na sout\u011b\u017e\u00edch 2025 13. 9. 2025&nbsp;\u2013 &nbsp;No\u010dn\u00ed sout\u011b\u017e ve Velk\u00e9 Hra\u0161tici&nbsp; 23. 8. 2025 \u2013 Hasi\u010dsk\u00e1 sout\u011b\u017e ko\u0148sk\u00fdch st\u0159\u00edka\u010dek v Kyt\u00edn\u011b 16. 8. 2025&nbsp;\u2013 Hasi\u010dsk\u00e1 sout\u011b\u017e ve Star\u00e9 Huti 28. 6. 2025&nbsp;\u2013 Hasi\u010dsk\u00e1 sout\u011b\u017e v Nov\u00e9m Kn\u00edn\u011b 17. 5. 2025 \u2013 Dosp\u011bl\u00ed \u2013 Z\u00e1kladn\u00ed kolo Okrskov\u00e9 sout\u011b\u017ee v P\u00da ve Velk\u00e9 Le\u010dici 2024 &hellip; <a href=\"https:\/\/www.sdhmalahrastice.cz\/?page_id=313\" class=\"more-link\">Pokra\u010dov\u00e1n\u00ed textu <span class=\"screen-reader-text\">Sout\u011b\u017ee<\/span> <span class=\"meta-nav\">&rarr;<\/span><\/a><\/p>\n","protected":false},"author":1,"featured_media":0,"parent":0,"menu_order":7,"comment_status":"closed","ping_status":"closed","template":"page-templates\/full-width.php","meta":{"ngg_post_thumbnail":0,"footnotes":""},"class_list":["post-313","page","type-page","status-publish","hentry"],"_links":{"self":[{"href":"https:\/\/www.sdhmalahrastice.cz\/index.php?rest_route=\/wp\/v2\/pages\/313","targetHints":{"allow":["GET"]}}],"collection":[{"href":"https:\/\/www.sdhmalahrastice.cz\/index.php?rest_route=\/wp\/v2\/pages"}],"about":[{"href":"https:\/\/www.sdhmalahrastice.cz\/index.php?rest_route=\/wp\/v2\/types\/page"}],"author":[{"embeddable":true,"href":"https:\/\/www.sdhmalahrastice.cz\/index.php?rest_route=\/wp\/v2\/users\/1"}],"replies":[{"embeddable":true,"href":"https:\/\/www.sdhmalahrastice.cz\/index.php?rest_route=%2Fwp%2Fv2%2Fcomments&post=313"}],"version-history":[{"count":42,"href":"https:\/\/www.sdhmalahrastice.cz\/index.php?rest_route=\/wp\/v2\/pages\/313\/revisions"}],"predecessor-version":[{"id":5829,"href":"https:\/\/www.sdhmalahrastice.cz\/index.php?rest_route=\/wp\/v2\/pages\/313\/revisions\/5829"}],"wp:attachment":[{"href":"https:\/\/www.sdhmalahrastice.cz\/index.php?rest_route=%2Fwp%2Fv2%2Fmedia&parent=313"}],"curies":[{"name":"wp","href":"https:\/\/api.w.org\/{rel}","templated":true}]}}