{"id":36,"date":"2010-05-08T19:49:51","date_gmt":"2010-05-08T18:49:51","guid":{"rendered":"http:\/\/sdhmalahrastice.cz\/?page_id=36"},"modified":"2015-05-26T13:32:16","modified_gmt":"2015-05-26T12:32:16","slug":"svetovy-rekord-v-doprave-vody","status":"publish","type":"page","link":"https:\/\/www.sdhmalahrastice.cz\/?page_id=36","title":{"rendered":"Sv\u011btov\u00fd rekord"},"content":{"rendered":"<h2 style=\"text-align: center;\">Sv\u011btov\u00fd rekord v doprav\u011b vody 2010<\/h2>\n<h2 style=\"text-align: center;\">Dok\u00e1zali jsme to\u00a0!!!!!<\/h2>\n<p>Z\u00fa\u010dastnili jsme se pokusu vytvo\u0159it sv\u011btov\u00fd REKORD V D\u00c1LKOV\u00c9 DOPRAV\u011a VODY, kter\u00fd se poda\u0159il dne 8. 5. 2010.<\/p>\n<p><a href=\"http:\/\/sdhmalahrastice.cz\/wp-content\/uploads\/2014\/10\/rekord_003.jpg\"><img loading=\"lazy\" decoding=\"async\" class=\"size-full wp-image-37 aligncenter\" src=\"http:\/\/sdhmalahrastice.cz\/wp-content\/uploads\/2014\/10\/rekord_003.jpg\" alt=\"rekord_003\" width=\"300\" height=\"225\" \/><\/a><\/p>\n<p>8.kv\u011btna 2010<br \/>\nSEN\u00a0SE\u00a0STAL PRAVDOU!!!<\/p>\n<blockquote>\n<h4>OFICI\u00c1LN\u00cd REKORD\u00a0V D\u00c1LKOV\u00c9 DOPRAV\u011a VODY ZE STROJE DO STROJE\u00a0JE NYN\u00cd\u00a063,46 KM.<br \/>\nPODA\u0158ILO SE JEJ ZDOLAT NA TRASE\u00a0DOLN\u00cd LOU\u010cKY &#8211; VRCHOL DEV\u011aT SKAL<br \/>\nZA NECEL\u00ddCH 7 HODIN.<\/h4>\n<\/blockquote>\n<h2><\/h2>\n<h2><strong><em><span style=\"text-decoration: underline;\"><span style=\"font-family: Verdana; font-size: large;\">SV\u011aTOV\u00dd REKORD V D\u00c1LKOV\u00c9 DOPRAV\u011a VODY<\/span><\/span><\/em><\/strong><\/h2>\n<p style=\"text-align: justify;\"><strong><span style=\"font-family: Verdana; font-size: small;\">7. 5. &#8211; 9. 5. 2010<\/span>\u00a0<span style=\"font-family: Verdana; font-size: small;\">se \u010dlenov\u00e9 na\u0161eho sboru ve slo\u017een\u00ed: velitel Radim Sou\u010dek, Lubo\u0161 Sou\u010dek, Radek Sou\u010dek, Tom\u00e1\u0161 Sou\u010dek, Pavel Mikyska, Roman Bi\u010di\u0161t\u011b, L\u00e1\u010fa Kub\u00ed\u010dek, Radek Sob\u011bslavsk\u00fd, z\u00fa\u010dastnily akce GUINNESS WORLD REKORDS, Sv\u011btov\u00e9ho rekordu v d\u00e1lkov\u00e9 doprav\u011b vody, kter\u00fd bude zaps\u00e1n do Guinnessovy knihy rekord\u016f. Byl vytvo\u0159en sv\u011btov\u00fd rekord veden\u00ed vody na d\u00e1lku v d\u00e9lce 63,46 km, a p\u0159ev\u00fd\u0161en\u00ed v\u00edce jak 500 m\/n.<\/span><\/strong><\/p>\n<p style=\"text-align: justify;\"><strong><span style=\"font-family: Verdana; font-size: small;\">V p\u00e1tek 7. 5. 2010 jsme r\u00e1no nalo\u017eili vybaven\u00ed, hadice, proviant atd. a v 10:30 hod byl odjezd. Na odpo\u010d\u00edvadle P\u00e1vov jsme se setkali se sbory z berounska a po kr\u00e1tk\u00e9 p\u0159est\u00e1vce jsme vyrazili\u00a0d\u00e1l k c\u00edli. Po p\u0159\u00edjezdu na \u0160ikl\u016fv Ml\u00fdn, cca v 13:30, jsme postavili stany a po kr\u00e1tk\u00e9m ob\u010derstven\u00ed, jsme vyrazili k obhl\u00eddce are\u00e1lu.\u00a0V 19:00 se konala porada velitel\u016f, kter\u00e1 se pon\u011bkud prot\u00e1hla a velitel z n\u00ed byl tro\u0161ku vedle. Po ve\u010de\u0159i jsme \u0161li do horn\u00edho are\u00e1lu, kde byly st\u00e1nky s ob\u010derstven\u00edm a suven\u00fdry.<\/span><\/strong><\/p>\n<p style=\"text-align: justify;\"><strong><span style=\"font-family: Verdana; font-size: small;\">Sobota 8. 5. &#8211; bud\u00ed\u010dek v 5:00 hod. T\u0159i d\u011blov\u00e9 r\u00e1ny a k tomu \u00favodn\u00ed song z filmu MASH. Koho by to nevzbudilo.\u00a0I ty, kte\u0159\u00ed \u0161li sp\u00e1t pozd\u011b. Po sn\u00eddani a men\u0161\u00ed rann\u00ed hygien\u011b byl na 6:50 napl\u00e1nov\u00e1n odjezd na\u0161eho \u00faseku.\u00a0Po 8 hod jsme zaujali sv\u00e1 m\u00edsta na trase a bylo nata\u017eeno veden\u00ed, kter\u00e9 potom bylo postupn\u011b napou\u0161t\u011bno a tlakov\u00e1no. Na\u0161imi sousedy na \u00faseku bylo SDH Dobroslavice okr. \u010cB, a SDH Lidma\u0148 okr. PE. Kolem 17:30 hod byla voda vytla\u010dena na vrchol a pokus uzn\u00e1n platn\u00fdm a schopn\u00fdm k zaps\u00e1n\u00ed do Sv\u011btov\u00e9\u00a0knihy rekord\u016f. Nad\u0161en\u00ed \u00fa\u010dastn\u00edk\u016f neznalo mez\u00ed.<\/span><\/strong><\/p>\n<p style=\"text-align: justify;\"><strong><span style=\"font-family: Verdana; font-size: small;\">Pot\u00e9 byli sbaleny hadice a sklizeno stanovi\u0161t\u011b, jsme vyrazili zp\u011bt k Ml\u00fdnu. P\u0159i pr\u016fjezdu vesnicemi na n\u00e1s lid\u00e9 m\u00e1vali a zdravili. Ka\u017ed\u00fd v\u011bd\u011bl \u017ee se to poda\u0159ilo!!! Nad\u0161en\u00ed nem\u011blo konce a v\u0161ichni se radovali s n\u00e1mi!!! Nejdou vyj\u00e1d\u0159it v\u0161echny emoce, el\u00e1n a nad\u0161en\u00ed z \u00fasp\u011b\u0161n\u00e9ho pokusu a zdol\u00e1n\u00ed rekordu. Po n\u00e1vratu jsme se op\u011bt ubytovali a po 20:00 hod jsme se za\u010dali sch\u00e1zet v amfite\u00e1tru k z\u00e1v\u011bre\u010dn\u00e9mu defil\u00e9. Ka\u017ed\u00fd velitel \u00faseku, byl odm\u011bn\u011bn potleskem, p\u0159i kter\u00e9m v\u0161ichni vst\u00e1vali ze sedadel. Pro tv\u016frce my\u0161lenky vytvo\u0159it rekord, Ji\u0159\u00edho S\u00e1bl\u00edka, byly ovace nejv\u011bt\u0161\u00ed. Jak \u0159ekl p\u0159i z\u00e1v\u011bre\u010dn\u00e9m projevu, splnil si sv\u016fj \u017eivotn\u00ed sen, kter\u00fd p\u0159ipravoval 3 roky a v co nikdo nev\u011b\u0159il. Jeho sen byl poznamen\u00e1n rodinnou trag\u00e9di\u00ed a p\u0159esto se ho nevzdal.Po jeho projevu mu n\u011bkolik stovek hasi\u010d\u016f ve stoje a s potleskem pod\u011bkovalo a ve 22:00 se cel\u00fd are\u00e1l \u0160iklova ml\u00fdna rozezn\u011bl zvuky stovek hasi\u010dsk\u00fdch sir\u00e9n a z\u00e1blesky maj\u00e1k\u016f na jeho po\u010dest. To musel b\u00fdt pro ka\u017ed\u00e9ho hasi\u010de nezapomenuteln\u00fd z\u00e1\u017eitek.<\/span><\/strong><\/p>\n<p style=\"text-align: justify;\"><strong><span style=\"font-family: Verdana; font-size: small;\">V ned\u011bli 9. 5. se \u00fa\u010dastn\u00edci za\u010dali balit a odj\u00ed\u017ed\u011bt k domov\u016fm. Ani d\u00e9\u0161\u0165, kter\u00fd trval bezm\u00e1la cel\u00fd v\u00edkend, nedok\u00e1zal zkalit tu radost z \u00fasp\u011bchu. I p\u0159i n\u00e1vratu dom\u016f, kdy\u017e se m\u00edjeli \u00fa\u010dastn\u00edci akce, zn\u011bli na silnic\u00edch a d\u00e1lnic\u00edch zvuky sir\u00e9n, kter\u00fdmi se zdravili ti, kte\u0159\u00ed by se jinak nepotkali a u\u017e asi nepotkaj\u00ed. Ti, kte\u0159\u00ed spolu jeden den n\u011bco dok\u00e1zali.<\/span><\/strong><\/p>\n<p style=\"text-align: justify;\"><strong><span style=\"font-family: Verdana; font-size: small;\">Mysl\u00edm, \u017ee pro v\u0161echny, kte\u0159\u00ed se t\u00e9to akce z\u00fa\u010dastnili, to byl siln\u00fd a nezapomenuteln\u00fd z\u00e1\u017eitek\u00a0a projevila se jednota, kter\u00e1 dr\u017e\u00ed hasi\u010de pohromad\u011b.<\/span><\/strong><\/p>\n<p><strong><span style=\"font-family: Verdana; font-size: large;\"><em>\u010cEST JI\u0158\u00cdMU S\u00c1BL\u00cdKOVI A V\u0160EM HASI\u010c\u016eM<\/em><\/span><\/strong><\/p>\n<p><strong><span style=\"font-family: Verdana; font-size: small;\">Fakta o rekordu:<\/span><\/strong><\/p>\n<p><strong><span style=\"font-family: Verdana; font-size: small;\">287 sbor\u016f z \u010cR<\/span><\/strong><\/p>\n<p><strong><span style=\"font-family: Verdana; font-size: small;\">1 sbor ze SR<\/span><\/strong><\/p>\n<p><strong><span style=\"font-family: Verdana; font-size: small;\">3553 hadic &#8222;B&#8220;<\/span><\/strong><\/p>\n<p><strong><span style=\"font-family: Verdana; font-size: small;\">2592 hasi\u010d\u016f (nejsou zde po\u010d\u00edt\u00e1ny doprovody)<\/span><\/strong><\/p>\n<p><strong><span style=\"font-family: Verdana; font-size: small;\">234 \u010derpadel<\/span><\/strong><\/p>\n<p><strong><span style=\"font-family: Verdana; font-size: small;\">291 vys\u00edla\u010dek<\/span><\/strong><\/p>\n<p><strong><span style=\"font-family: Verdana; font-size: small;\">300 m<sup>3<\/sup>\u00a0vody na natlakov\u00e1n\u00ed<\/span><\/strong><\/p>\n<p><strong><span style=\"font-family: Verdana; font-size: small;\">580 m<sup>3<\/sup>\u00a0vody bylo p\u0159em\u00edst\u011bno<\/span><\/strong><\/p>\n<p><strong><span style=\"font-family: Verdana; font-size: small;\">36 m<sup>3<\/sup>\/h pr\u016ftok vody p\u0159i rekordu<\/span><\/strong><\/p>\n","protected":false},"excerpt":{"rendered":"<p>Sv\u011btov\u00fd rekord v doprav\u011b vody 2010 Dok\u00e1zali jsme to\u00a0!!!!! Z\u00fa\u010dastnili jsme se pokusu vytvo\u0159it sv\u011btov\u00fd REKORD V D\u00c1LKOV\u00c9 DOPRAV\u011a VODY, kter\u00fd se poda\u0159il dne 8. 5. 2010. 8.kv\u011btna 2010 SEN\u00a0SE\u00a0STAL PRAVDOU!!! OFICI\u00c1LN\u00cd REKORD\u00a0V D\u00c1LKOV\u00c9 DOPRAV\u011a VODY ZE STROJE DO STROJE\u00a0JE NYN\u00cd\u00a063,46 KM. PODA\u0158ILO SE JEJ ZDOLAT NA TRASE\u00a0DOLN\u00cd LOU\u010cKY &#8211; VRCHOL DEV\u011aT SKAL ZA NECEL\u00ddCH &hellip; <a href=\"https:\/\/www.sdhmalahrastice.cz\/?page_id=36\" class=\"more-link\">Pokra\u010dov\u00e1n\u00ed textu <span class=\"screen-reader-text\">Sv\u011btov\u00fd rekord<\/span> <span class=\"meta-nav\">&rarr;<\/span><\/a><\/p>\n","protected":false},"author":1,"featured_media":0,"parent":0,"menu_order":10,"comment_status":"closed","ping_status":"closed","template":"page-templates\/full-width.php","meta":{"ngg_post_thumbnail":0,"footnotes":""},"class_list":["post-36","page","type-page","status-publish","hentry"],"_links":{"self":[{"href":"https:\/\/www.sdhmalahrastice.cz\/index.php?rest_route=\/wp\/v2\/pages\/36","targetHints":{"allow":["GET"]}}],"collection":[{"href":"https:\/\/www.sdhmalahrastice.cz\/index.php?rest_route=\/wp\/v2\/pages"}],"about":[{"href":"https:\/\/www.sdhmalahrastice.cz\/index.php?rest_route=\/wp\/v2\/types\/page"}],"author":[{"embeddable":true,"href":"https:\/\/www.sdhmalahrastice.cz\/index.php?rest_route=\/wp\/v2\/users\/1"}],"replies":[{"embeddable":true,"href":"https:\/\/www.sdhmalahrastice.cz\/index.php?rest_route=%2Fwp%2Fv2%2Fcomments&post=36"}],"version-history":[{"count":7,"href":"https:\/\/www.sdhmalahrastice.cz\/index.php?rest_route=\/wp\/v2\/pages\/36\/revisions"}],"predecessor-version":[{"id":394,"href":"https:\/\/www.sdhmalahrastice.cz\/index.php?rest_route=\/wp\/v2\/pages\/36\/revisions\/394"}],"wp:attachment":[{"href":"https:\/\/www.sdhmalahrastice.cz\/index.php?rest_route=%2Fwp%2Fv2%2Fmedia&parent=36"}],"curies":[{"name":"wp","href":"https:\/\/api.w.org\/{rel}","templated":true}]}}