{"id":390,"date":"2014-10-29T12:31:20","date_gmt":"2014-10-29T11:31:20","guid":{"rendered":"http:\/\/sdhmalahrastice.cz\/?page_id=390"},"modified":"2026-02-17T15:08:05","modified_gmt":"2026-02-17T14:08:05","slug":"uvod","status":"publish","type":"page","link":"https:\/\/www.sdhmalahrastice.cz\/","title":{"rendered":"\u00davod"},"content":{"rendered":"\n<div class=\"o9v6fnle cxmmr5t8 oygrvhab hcukyx3x c1et5uql ii04i59q\">\n<div dir=\"auto\"><span style=\"color: revert; font-size: 22px; font-weight: bold;\">Srde\u010dn\u011b V\u00e1s v\u00edt\u00e1me na na\u0161ich str\u00e1nk\u00e1ch&#8230;<\/span><\/div>\n<\/div>\n\n\n\n<pre class=\"wp-block-code\"><code><div><h5 style=\"text-align: center;\"><strong><h5 style=\"text-align: center;\"><\/h5><\/strong><\/h5><span style=\"background-color: inherit; font-size: inherit;\"><\/span><\/div><\/code><\/pre>\n\n\n<div class=\"wp-block-image\">\n<figure class=\"aligncenter size-full\"><a href=\"https:\/\/www.sdhmalahrastice.cz\/wp-content\/uploads\/2026\/02\/Sponzori.jpg\"><img loading=\"lazy\" decoding=\"async\" width=\"865\" height=\"929\" src=\"https:\/\/www.sdhmalahrastice.cz\/wp-content\/uploads\/2026\/02\/Sponzori.jpg\" alt=\"\" class=\"wp-image-5885\" srcset=\"https:\/\/www.sdhmalahrastice.cz\/wp-content\/uploads\/2026\/02\/Sponzori.jpg 865w, https:\/\/www.sdhmalahrastice.cz\/wp-content\/uploads\/2026\/02\/Sponzori-279x300.jpg 279w, https:\/\/www.sdhmalahrastice.cz\/wp-content\/uploads\/2026\/02\/Sponzori-768x825.jpg 768w\" sizes=\"auto, (max-width: 865px) 100vw, 865px\" \/><\/a><\/figure>\n<\/div>\n\n\n<hr class=\"wp-block-separator has-alpha-channel-opacity\"\/>\n\n\n\n<h1 class=\"wp-block-heading has-text-align-center\"><strong><mark style=\"background-color:rgba(0, 0, 0, 0);color:#ed0b0b\" class=\"has-inline-color\">T\u00cdMTO D\u011aKUJEME V\u0160EM SPONZOR\u016eM ZA P\u0158\u00cdSP\u011aVKY DO NA\u0160\u00cd TOMBOLY.<\/mark><\/strong><\/h1>\n\n\n\n<p class=\"has-text-align-center\"><a href=\"https:\/\/www.sdhmalahrastice.cz\/?page_id=45\" data-type=\"URL\" data-id=\"https:\/\/www.sdhmalahrastice.cz\/?page_id=45\"><strong>Nejnov\u011bj\u0161\u00ed p\u0159\u00edsp\u011bvky<\/strong><\/a><\/p>\n\n\n\n<p><a href=\"https:\/\/www.sdhmalahrastice.cz\/?p=5880\" data-type=\"post\" data-id=\"5880\"><strong>30. 1. 2026<\/strong> &#8211; Hasi\u010dsk\u00fd ples SDH Mal\u00e1 Hra\u0161tice &#8211; kapela <strong>POD\u0158\u00cdCI<\/strong><\/a><\/p>\n\n\n\n<p><\/p>\n\n\n\n<p class=\"has-text-align-center\"><\/p>\n\n\n\n<p class=\"has-text-align-right\"><em><mark style=\"background-color:rgba(0, 0, 0, 0)\" class=\"has-inline-color has-medium-gray-color\">&#8230;B\u016fh nem\u016f\u017ee b\u00fdt v\u0161ude, proto stvo\u0159il hasi\u010de<\/mark><\/em>.<\/p>\n\n\n\n<p>Kontaktn\u00ed e-mailov\u00e1 adresa:<\/p>\n\n\n\n<p><a href=\"mailto:sdh-malahrastice@seznam.cz\"><em><strong>sdh-malahrastice<\/strong><\/em><strong><em>@seznam.cz<\/em><\/strong><\/a><\/p>\n\n\n\n<p class=\"has-text-align-center\"><strong>CO N\u00c1S \u010cEK\u00c1<\/strong><\/p>\n\n\n\n<p><strong>\u0158\u00edjen  2024<\/strong>&nbsp;\u2013 Sb\u011br star\u00e9ho \u017eeleza<\/p>\n\n\n\n<p><strong>Prosinec  2024<\/strong>&nbsp;\u2013 Mikul\u00e1\u0161sk\u00e1 nad\u00edlka<\/p>\n\n\n\n<p>                                      V\u00fdro\u010dn\u00ed valn\u00e1 hromada<\/p>\n\n\n\n<p><\/p>\n\n\n\n<pre class=\"wp-block-code\"><code><\/code><\/pre>\n","protected":false},"excerpt":{"rendered":"<p>Srde\u010dn\u011b V\u00e1s v\u00edt\u00e1me na na\u0161ich str\u00e1nk\u00e1ch&#8230; T\u00cdMTO D\u011aKUJEME V\u0160EM SPONZOR\u016eM ZA P\u0158\u00cdSP\u011aVKY DO NA\u0160\u00cd TOMBOLY. Nejnov\u011bj\u0161\u00ed p\u0159\u00edsp\u011bvky 30. 1. 2026 &#8211; Hasi\u010dsk\u00fd ples SDH Mal\u00e1 Hra\u0161tice &#8211; kapela POD\u0158\u00cdCI &#8230;B\u016fh nem\u016f\u017ee b\u00fdt v\u0161ude, proto stvo\u0159il hasi\u010de. Kontaktn\u00ed e-mailov\u00e1 adresa: sdh-malahrastice@seznam.cz CO N\u00c1S \u010cEK\u00c1 \u0158\u00edjen 2024&nbsp;\u2013 Sb\u011br star\u00e9ho \u017eeleza Prosinec 2024&nbsp;\u2013 Mikul\u00e1\u0161sk\u00e1 nad\u00edlka V\u00fdro\u010dn\u00ed valn\u00e1 hromada<\/p>\n","protected":false},"author":1,"featured_media":0,"parent":0,"menu_order":0,"comment_status":"closed","ping_status":"open","template":"","meta":{"ngg_post_thumbnail":0,"footnotes":""},"class_list":["post-390","page","type-page","status-publish","hentry"],"_links":{"self":[{"href":"https:\/\/www.sdhmalahrastice.cz\/index.php?rest_route=\/wp\/v2\/pages\/390","targetHints":{"allow":["GET"]}}],"collection":[{"href":"https:\/\/www.sdhmalahrastice.cz\/index.php?rest_route=\/wp\/v2\/pages"}],"about":[{"href":"https:\/\/www.sdhmalahrastice.cz\/index.php?rest_route=\/wp\/v2\/types\/page"}],"author":[{"embeddable":true,"href":"https:\/\/www.sdhmalahrastice.cz\/index.php?rest_route=\/wp\/v2\/users\/1"}],"replies":[{"embeddable":true,"href":"https:\/\/www.sdhmalahrastice.cz\/index.php?rest_route=%2Fwp%2Fv2%2Fcomments&post=390"}],"version-history":[{"count":292,"href":"https:\/\/www.sdhmalahrastice.cz\/index.php?rest_route=\/wp\/v2\/pages\/390\/revisions"}],"predecessor-version":[{"id":5890,"href":"https:\/\/www.sdhmalahrastice.cz\/index.php?rest_route=\/wp\/v2\/pages\/390\/revisions\/5890"}],"wp:attachment":[{"href":"https:\/\/www.sdhmalahrastice.cz\/index.php?rest_route=%2Fwp%2Fv2%2Fmedia&parent=390"}],"curies":[{"name":"wp","href":"https:\/\/api.w.org\/{rel}","templated":true}]}}