{"id":405,"date":"2014-10-29T19:05:50","date_gmt":"2014-10-29T18:05:50","guid":{"rendered":"http:\/\/sdhmalahrastice.cz\/?page_id=405"},"modified":"2024-08-05T12:54:23","modified_gmt":"2024-08-05T11:54:23","slug":"souteze-deti","status":"publish","type":"page","link":"https:\/\/www.sdhmalahrastice.cz\/?page_id=405","title":{"rendered":"Sout\u011b\u017ee d\u011bt\u00ed"},"content":{"rendered":"<h5>\u00da\u010dast na\u0161ich d\u011bt\u00ed na sout\u011b\u017e\u00edch<\/h5>\n<h5><a href=\"https:\/\/www.sdhmalahrastice.cz\/?p=5510\">27.7.2024 &#8211; Poh\u00e1r velitele &#8211; Velk\u00e1 Hra\u0161tice<\/a><\/h5>\n<h5><a href=\"https:\/\/www.sdhmalahrastice.cz\/?p=5501\">20.7.2024 &#8211; Po\u017e\u00e1rn\u00ed \u00fatok &#8211; Nov\u00fd Kn\u00edn<\/a><\/h5>\n<h5><a href=\"https:\/\/www.sdhmalahrastice.cz\/?p=5459\">2.6.2024 &#8211; Okresn\u00ed setk\u00e1n\u00ed p\u0159\u00edpravek &#8211; Sedl\u010dany<\/a><\/h5>\n<h5><a href=\"https:\/\/www.sdhmalahrastice.cz\/?p=5378\">11.5.2024 &#8211; Okrskov\u00e1 sout\u011b\u017e 22. okrsku &#8211; Nov\u00e1 Ves pod Ple\u0161\u00ed<\/a><\/h5>\n<h5><a href=\"https:\/\/www.sdhmalahrastice.cz\/?p=5365\">14.4.2024 &#8211; Z\u00e1vod po\u017e\u00e1rnick\u00e9 v\u0161estrannosti p\u0159\u00edpravek &#8211; Nechvalice<\/a><\/h5>\n<h5 style=\"text-align: center;\">2023<\/h5>\n<p><a href=\"https:\/\/www.sdhmalahrastice.cz\/?p=5137\" data-type=\"post\" data-id=\"5137\"><strong>20. 5. 2023<\/strong>\u00a0\u2013 Z\u00e1kladn\u00ed kolo Okrskov\u00e9 sout\u011b\u017ee v P\u00da na n\u00e1vsi ve Velk\u00e9 Hra\u0161tici<\/a><\/p>\n<h5 style=\"text-align: center;\">2022<\/h5>\n<p><a href=\"https:\/\/www.sdhmalahrastice.cz\/?p=4831\"><strong>21. 5. 2022<\/strong>\u00a0\u2013 Z\u00e1kladn\u00ed kolo Okrskov\u00e9 sout\u011b\u017ee v P\u00da na fotbalov\u00e9m h\u0159i\u0161ti v Mal\u00e9 Hra\u0161tici<\/a><\/p>\n<h5 style=\"text-align: center;\">2021<\/h5>\n<h5 style=\"text-align: center;\">2020<\/h5>\n<p>28. 11. 2020 &#8211; Zimn\u00ed sout\u011b\u017e P\u0159\u00edbram<\/p>\n<p>3. 10. 2020 &#8211; 1. \u010d\u00e1st hry Plamen<\/p>\n<p>?13. 9. 2020? &#8211; Memori\u00e1l J. Zaj\u00ed\u010dka Sloup<\/p>\n<p>30. 8. 2020 &#8211; Hra\u0161tick\u00e9 derby<\/p>\n<p>25. 7. 2020 &#8211; Poh\u00e1r velitele &#8211; Velk\u00e1 Hra\u0161tice<\/p>\n<p>7. 6. 2020 &#8211; 2. kolo p\u0159\u00edpravek<\/p>\n<p>30. 5. 2020 &#8211; Z\u00e1v\u011br Plamenu<\/p>\n<p>18. 4. 2020 &#8211; Opakovan\u00e9 1. kolo &#8211; CTIF, 4&#215;60 m.<\/p>\n<p>5. 4. 2020 &#8211; ZPV P\u0159\u00edpravek &#8211; Podles\u00ed (19.4.?)<\/p>\n<p>28. 3. 2020 &#8211; ZPV Vysok\u00fd Chlumec<\/p>\n<p><a href=\"https:\/\/www.sdhmalahrastice.cz\/?p=4425\">11. 1. 2020 &#8211; Zimn\u00ed sout\u011b\u017e B\u0159eznice<\/a><\/p>\n<h5 style=\"text-align: center;\">2019<\/h5>\n<p>23.\/30. 11.2019 &#8211; Zimn\u00ed sout\u011b\u017e P\u0159\u00edbram<\/p>\n<p>5.10.2019 &#8211; Plamen Ro\u017emit\u00e1l &#8211; \u0161tafeta CTIF a \u0161tafeta 4x60m<\/p>\n<p><a href=\"https:\/\/www.sdhmalahrastice.cz\/?p=4337\">28.9.2019 &#8211; PU Bojanovice<\/a><\/p>\n<p><a href=\"https:\/\/sdh-hrastice-deti.rajce.idnes.cz\/14.9.2010_-_PU_Jesenice\/\">14.9.2019 &#8211; PU Jesenice<\/a><\/p>\n<p><a href=\"https:\/\/www.sdhmalahrastice.cz\/?p=4289\">1.9.2019 &#8211; 7. Hra\u0161tick\u00e9 derby<\/a><\/p>\n<p><a href=\"https:\/\/www.sdhmalahrastice.cz\/?p=4236\">27.7.2019 &#8211; Poh\u00e1r velitele &#8211; Velk\u00e1 Hra\u0161tice<\/a><\/p>\n<p>18.5.2019 &#8211; Okrskov\u00e1 sout\u011b\u017e &#8211; Velk\u00e1 Le\u010dice<\/p>\n<p><a href=\"https:\/\/sdh-hrastice-deti.rajce.idnes.cz\/14.4.2019_Pozarni_utok_Krepenice\">14.4.2019 &#8211; Po\u017e\u00e1rn\u00ed \u00fatok K\u0159epenice<\/a><\/p>\n<p>30.3.2019 &#8211; ZPV a \u0161tafeta dvojic<\/p>\n<h5 style=\"text-align: center;\"><strong>2018<\/strong><\/h5>\n<p><a href=\"https:\/\/www.sdhmalahrastice.cz\/?p=3965\">24.11.2018 &#8211; Plamen &#8211; Zimn\u00ed sout\u011b\u017e<\/a><\/p>\n<p><a href=\"https:\/\/www.sdhmalahrastice.cz\/?p=3935\">17.11.2018 &#8211; Zimn\u00ed sout\u011b\u017e &#8211; Svat\u00e9 Pole<\/a><\/p>\n<p><a href=\"https:\/\/www.sdhmalahrastice.cz\/?p=3880\">6.10.2018 &#8211; 1. \u010d\u00e1st hry Plamen &#8211; CTIF a 4&#215;60 m &#8211; Sedl\u010dany<\/a><\/p>\n<p><a href=\"https:\/\/www.sdhmalahrastice.cz\/?p=3859\">29.9.2018 &#8211; Posv\u00edcen\u00ed Bojanovice<\/a><\/p>\n<p><a href=\"https:\/\/www.sdhmalahrastice.cz\/?p=3851\">9.9. 2018 &#8211; Memori\u00e1l J. Zaj\u00ed\u010dka &#8211; Sloup<\/a><\/p>\n<p><a href=\"https:\/\/www.sdhmalahrastice.cz\/?p=3823\">1.9.2018 &#8211; Memori\u00e1l V. Petrika &#8211; Nov\u00e1 Ves pod Ple\u0161\u00ed<\/a><\/p>\n<p><a href=\"https:\/\/www.sdhmalahrastice.cz\/?p=3814\">26.8.2018 &#8211; 6. Hra\u0161tick\u00e9 derby<\/a><\/p>\n<p><a href=\"https:\/\/www.sdhmalahrastice.cz\/?p=3767\">23.6.2018 &#8211; Oslavy 130 let SDH Nov\u00e1 Ves pod Ple\u0161\u00ed<\/a><\/p>\n<p><a href=\"https:\/\/www.sdhmalahrastice.cz\/?p=3753\">3.6.2018 &#8211; D\u011btsk\u00e1 okrskov\u00e1 sout\u011b\u017e<\/a><\/p>\n<p><a href=\"https:\/\/www.sdhmalahrastice.cz\/?p=3746\">26.5.2018 &#8211; 4.\u010d\u00e1st hry Plamen &#8211; CTIF a P\u00da &#8211; H\u0159\u00edm\u011b\u017edice<\/a><\/p>\n<p><a href=\"https:\/\/www.sdhmalahrastice.cz\/?p=3674\">24.3.2018 &#8211; ZPV a \u0161tafeta dvojic Bohut\u00edn<\/a><\/p>\n<p><a href=\"https:\/\/www.sdhmalahrastice.cz\/?p=3551\">6.1.2018 &#8211; Zimn\u00ed sout\u011b\u017e B\u0159eznice<\/a><\/p>\n<h5 style=\"text-align: center;\"><strong>2017<\/strong><\/h5>\n<p><a href=\"https:\/\/www.sdhmalahrastice.cz\/?p=3492\">25.11.2017 &#8211; Zimn\u00ed sout\u011b\u017e &#8211; Plamen &#8211; P\u0159\u00edbram<\/a><\/p>\n<p><a href=\"https:\/\/www.sdhmalahrastice.cz\/?p=3480\">17.11.2017 &#8211; Zimn\u00ed sout\u011b\u017e &#8211; Svat\u00e9 Pole<\/a><\/p>\n<p><a href=\"https:\/\/www.sdhmalahrastice.cz\/?p=3414\">15.10.2017 &#8211; 60 m s p\u0159ek\u00e1\u017ekami &#8211; B\u0159eznice<\/a><\/p>\n<p><a href=\"https:\/\/www.sdhmalahrastice.cz\/?p=3381\">7.10.2017 &#8211; Plamen\u00a0CTIF+4x60m &#8211; Sedl\u010dany<\/a><\/p>\n<p><a href=\"https:\/\/www.sdhmalahrastice.cz\/?p=3370\">30.9.2017- Posv\u00edcen\u00ed Bojanovice<\/a><\/p>\n<p><a href=\"https:\/\/www.sdhmalahrastice.cz\/?p=3361\">17.9.2017 &#8211; Krajsk\u00e9 setk\u00e1n\u00ed p\u0159\u00edpravek &#8211; Sedl\u010dany<\/a><\/p>\n<p><a href=\"http:\/\/sdhmalahrastice.cz\/?p=3335\">10.9.2017 &#8211; Memori\u00e1l J. Zaj\u00ed\u010dka &#8211; Sloup<\/a><\/p>\n<p><a href=\"http:\/\/sdhmalahrastice.cz\/?p=3333\">2.9.2017 &#8211; Memori\u00e1l V\u00e1clava Petrika &#8211; Nov\u00e1 Ves<\/a><\/p>\n<p><a href=\"http:\/\/sdhmalahrastice.cz\/?p=3305\">27.8.2017 &#8211; 5. Hra\u0161tick\u00e9 derby<\/a><\/p>\n<p><a href=\"http:\/\/sdhmalahrastice.cz\/?p=3268\">29.7.2017 &#8211; Poh\u00e1r velitele VH<\/a><\/p>\n<p><a href=\"http:\/\/sdhmalahrastice.cz\/?p=3236\">24.6.2017 &#8211;\u00a0O putovn\u00ed sekyru starosty\u00a0SDH Nov\u00fd Kn\u00edn<\/a><\/p>\n<p><a href=\"http:\/\/sdhmalahrastice.cz\/?p=3216\">21.5.2017 &#8211; Setk\u00e1n\u00ed p\u0159\u00edpravek &#8211; Svat\u00e9 Pole<\/a><\/p>\n<p><a href=\"http:\/\/sdhmalahrastice.cz\/?p=3164\">6.5.2017 &#8211; Okrskov\u00e1 sout\u011b\u017e &#8211; Mal\u00e1 Hra\u0161tice<\/a><\/p>\n<p><a href=\"http:\/\/sdhmalahrastice.cz\/?p=3108\">25.3.2017 &#8211; Z\u00e1vod po\u017e\u00e1rn\u00ed v\u0161estrannosti a \u0161tafeta dvojic<\/a><\/p>\n<h5 style=\"text-align: center;\">2016<\/h5>\n<p><a href=\"http:\/\/sdhmalahrastice.cz\/?p=2969\">26. 11. 2016 &#8211; Zimn\u00ed sout\u011b\u017e &#8211; P\u0159\u00edbram<\/a><\/p>\n<p><a href=\"http:\/\/sdhmalahrastice.cz\/?p=2833\">1.10. 2016 &#8211; CTIF\u00a0+ 4&#215;60 metr\u016f &#8211; Sedl\u010dany<\/a><\/p>\n<p><a href=\"http:\/\/sdhmalahrastice.cz\/?p=2805\">24. 9. 2016 &#8211; Poh\u00e1r starosty obce &#8211; Lib\u010dice<\/a><\/p>\n<p><a href=\"http:\/\/sdhmalahrastice.cz\/?p=2764\">11. 9. 2016 &#8211; 12.\u00a0Memori\u00e1l J. Zaj\u00ed\u010dka &#8211; Sloup<\/a><\/p>\n<p><a href=\"http:\/\/sdhmalahrastice.cz\/?p=2737\">3. 9. 2016 &#8211;\u00a0Memori\u00e1l V. Petrika &#8211;\u00a0Nov\u00e1 Ves pod Ple\u0161\u00ed<\/a><\/p>\n<p><a href=\"http:\/\/sdhmalahrastice.cz\/?p=2709\">28. 8. 2016 &#8211; 4. Hra\u0161tick\u00e9 derby<\/a><\/p>\n<p><a href=\"http:\/\/sdhmalahrastice.cz\/?p=2678\">30. 7. 2016 &#8211; Poh\u00e1r velitele &#8211; Velk\u00e1 Hra\u0161tice<\/a><\/p>\n<p><a href=\"http:\/\/sdhmalahrastice.cz\/?p=2655\">25. 6. 2016 &#8211; 110. V\u00fdro\u010d\u00ed SDH Mal\u00e1 Hra\u0161tice<\/a><\/p>\n<p style=\"text-align: left;\"><a href=\"http:\/\/sdh-hrastice-deti.rajce.idnes.cz\/14.5.2016_Soutez_22._okrsku\/\">14. 5. 2016 &#8211; Okrskov\u00e1 sout\u011b\u017e &#8211; Mal\u00e1 Hra\u0161tice &#8211; zat\u00edm pouze foto<\/a><\/p>\n<p><a href=\"http:\/\/sdhmalahrastice.cz\/?p=2349\">16. 4. 2016 &#8211; P\u0159ebor jednotlivc\u016f na 60m p\u0159ek\u00e1\u017eek-B\u0159eznice<\/a><\/p>\n<p><a href=\"http:\/\/sdhmalahrastice.cz\/?p=2338\">2. 4. 2016 &#8211; Z\u00e1vod po\u017e\u00e1rn\u00ed v\u0161estrannosti+\u0161tafeta dvojic-Nechvalice<\/a><\/p>\n<h5 style=\"text-align: center;\">2015<\/h5>\n<p><a href=\"http:\/\/sdhmalahrastice.cz\/?p=2063\">28. 11. 2015 &#8211; Zimn\u00ed sout\u011b\u017e<\/a><\/p>\n<p><a href=\"http:\/\/sdhmalahrastice.cz\/?p=2038\">3. 10. 2015 &#8211; \u0160tafeta CTIF + \u0161tafeta 4&#215;60 metr\u016f (Sedl\u010dany)<\/a><\/p>\n<p><a href=\"http:\/\/sdhmalahrastice.cz\/?p=2006\">19. 9. 2015 &#8211; Poh\u00e1r starosty obce Lib\u010dice<\/a><\/p>\n<p><a href=\"http:\/\/sdhmalahrastice.cz\/?p=1978\">13. 9. 2015 &#8211; 11. Memori\u00e1l J. Zaj\u00ed\u010dka Sloup <\/a><\/p>\n<p><a href=\"http:\/\/sdhmalahrastice.cz\/?p=1939\">30. 8 . 2015 &#8211; 3. Hra\u0161tick\u00e9 derby<\/a><\/p>\n<p><a href=\"http:\/\/sdhmalahrastice.cz\/?p=1922\">25. 7. 2015\u00a0&#8211; Poh\u00e1r velitele Velk\u00e9 Hra\u0161tice<\/a><\/p>\n<p><a href=\"http:\/\/sdhmalahrastice.cz\/?p=1909\">28. 6. 2015 &#8211; D\u011btsk\u00fd poh\u00e1r m\u011bsta B\u0159eznice<\/a><\/p>\n<p><a href=\"http:\/\/sdhmalahrastice.cz\/?p=1871\">7. 6. 2015\u00a0&#8211; D\u011btsk\u00e1 okrskov\u00e1 sout\u011b\u017e<\/a><\/p>\n<p><a href=\"http:\/\/sdhmalahrastice.cz\/?p=1212\">21. 3. 2015 &#8211; Z\u00e1vod po\u017e\u00e1rn\u00ed v\u0161estrannosti + \u0161tafeta dvojic<\/a><\/p>\n<h5 style=\"text-align: center;\">2014<\/h5>\n<p style=\"text-align: left;\"><a href=\"http:\/\/sdhmalahrastice.cz\/?p=714\">29. 11. 2014 &#8211; 2. \u010d\u00e1st hry Plamen &#8211; Zimn\u00ed sout\u011b\u017e<\/a><\/p>\n<p style=\"text-align: left;\"><a href=\"http:\/\/sdhmalahrastice.cz\/?p=431\">27. 9. 2014 &#8211; 1. \u010d\u00e1st hry Plamen &#8211; CTIF + 4x60m<\/a><\/p>\n<p style=\"text-align: left;\"><a href=\"http:\/\/sdhmalahrastice.cz\/?p=429\">20. 9. 2014 &#8211; Poh\u00e1r starosty obce Lib\u010dice<\/a><\/p>\n<p style=\"text-align: left;\"><a href=\"http:\/\/sdhmalahrastice.cz\/?p=427\">7. 9. 2014 &#8211; 10. ro\u010dn\u00edk Memori\u00e1lu J. Zaj\u00ed\u010dka<\/a><\/p>\n<p style=\"text-align: left;\"><a href=\"http:\/\/sdhmalahrastice.cz\/?p=425\">26. 7. 2014 &#8211; Poh\u00e1r velitele SDH Velk\u00e1 Hra\u0161tice<\/a><\/p>\n<p style=\"text-align: left;\"><a href=\"http:\/\/sdhmalahrastice.cz\/?p=423\">21. 6. 2014 &#8211; 90. v\u00fdro\u010d\u00ed SDH Velk\u00e1 Hra\u0161tice<\/a><\/p>\n<p style=\"text-align: left;\"><a href=\"http:\/\/sdhmalahrastice.cz\/?p=420\">8. 6. 2014 &#8211; D\u011btsk\u00e1 okrskov\u00e1 sout\u011b\u017e<\/a><\/p>\n<p style=\"text-align: left;\"><a href=\"http:\/\/sdhmalahrastice.cz\/?p=418\">27. 4. 2014 &#8211; P\u0159ebor jednotlivc\u016f na 60 m p\u0159ek\u00e1\u017eek<\/a><\/p>\n<p style=\"text-align: left;\"><a href=\"http:\/\/sdhmalahrastice.cz\/?p=414\">29. 3. 2014 &#8211; Z\u00e1vod po\u017e\u00e1rn\u00ed v\u0161estrannosti a \u0161tafeta dvojic<\/a><\/p>\n<h5 style=\"text-align: center;\">2013<\/h5>\n<p><a href=\"http:\/\/sdhmalahrastice.cz\/?p=449\">30. 11. 2013 &#8211; 2. \u010d\u00e1st hry Plamen &#8211; zimn\u00ed sout\u011b\u017e<\/a><\/p>\n<p><a href=\"http:\/\/sdhmalahrastice.cz\/?p=447\">5. 10. 2013 &#8211; 1. \u010d\u00e1st hry Plamen &#8211; CTIF + 4 x 60 m<\/a><\/p>\n<p><a href=\"http:\/\/sdhmalahrastice.cz\/?p=445\">8. 9. 2013 &#8211; 9. ro\u010dn\u00edk memori\u00e1lu J. Zaj\u00ed\u010dka<\/a><\/p>\n<p><a href=\"http:\/\/sdhmalahrastice.cz\/?p=443\">1. 9. 2013 &#8211; Hra\u0161tick\u00e9 derby<\/a><\/p>\n<p><a href=\"http:\/\/sdhmalahrastice.cz\/?p=441\">27. 7. 2013 &#8211; Poh\u00e1r velitele SDH Velk\u00e1 Hra\u0161tice<\/a><\/p>\n<p><a href=\"http:\/\/sdhmalahrastice.cz\/?p=438\">12. 5. 2013 &#8211; Okrskov\u00e1 sout\u011b\u017e d\u011bt\u00ed<\/a><\/p>\n<p><a href=\"http:\/\/sdhmalahrastice.cz\/?p=436\">28. 4. 2013 &#8211; P\u0159ebor jednotlivc\u016f na 60 m p\u0159ek\u00e1\u017eek<\/a><\/p>\n<h5 style=\"text-align: center;\">2012<\/h5>\n<p><a href=\"http:\/\/sdhmalahrastice.cz\/?p=470\">1. 12. 2012 &#8211; Zimn\u00ed sout\u011b\u017e<\/a><\/p>\n<p><a href=\"http:\/\/sdhmalahrastice.cz\/?p=468\">6. 10. 2012 &#8211; 1. \u010d\u00e1st hry Plamen &#8211; CTIF + 4 x 60 m<\/a><\/p>\n<p><a href=\"http:\/\/sdhmalahrastice.cz\/?p=466\">9. 9. 2012 &#8211; 8. ro\u010dn\u00edk Memori\u00e1lu J. Zaj\u00ed\u010dka<\/a><\/p>\n<p><a href=\"http:\/\/sdhmalahrastice.cz\/?p=463\">2. 9. 2012 &#8211; Hra\u0161tick\u00e9 derby<\/a><\/p>\n<p><a href=\"http:\/\/sdhmalahrastice.cz\/?p=461\">26. 5. 2012 &#8211; Z\u00e1v\u011br Plamenu &#8211; P\u00da<\/a><\/p>\n<p><a href=\"http:\/\/sdhmalahrastice.cz\/?p=459\">20. 5. 2012 &#8211; Okrskov\u00e1 sout\u011b\u017e d\u011bt\u00ed<\/a><\/p>\n<p><a href=\"http:\/\/sdhmalahrastice.cz\/?p=457\">21. 4. 2012 &#8211; \u0160tafeta CTIF + \u0161tafeta 4 x 60 m<\/a><\/p>\n<p><a href=\"http:\/\/sdhmalahrastice.cz\/?p=455\">31. 3. 2012 &#8211; Z\u00e1vod po\u017e\u00e1rn\u00ed v\u0161estrannosti a \u0161tafeta dvojic<\/a><\/p>\n","protected":false},"excerpt":{"rendered":"<p>\u00da\u010dast na\u0161ich d\u011bt\u00ed na sout\u011b\u017e\u00edch 27.7.2024 &#8211; Poh\u00e1r velitele &#8211; Velk\u00e1 Hra\u0161tice 20.7.2024 &#8211; Po\u017e\u00e1rn\u00ed \u00fatok &#8211; Nov\u00fd Kn\u00edn 2.6.2024 &#8211; Okresn\u00ed setk\u00e1n\u00ed p\u0159\u00edpravek &#8211; Sedl\u010dany 11.5.2024 &#8211; Okrskov\u00e1 sout\u011b\u017e 22. okrsku &#8211; Nov\u00e1 Ves pod Ple\u0161\u00ed 14.4.2024 &#8211; Z\u00e1vod po\u017e\u00e1rnick\u00e9 v\u0161estrannosti p\u0159\u00edpravek &#8211; Nechvalice 2023 20. 5. 2023\u00a0\u2013 Z\u00e1kladn\u00ed kolo Okrskov\u00e9 sout\u011b\u017ee v P\u00da &hellip; <a href=\"https:\/\/www.sdhmalahrastice.cz\/?page_id=405\" class=\"more-link\">Pokra\u010dov\u00e1n\u00ed textu <span class=\"screen-reader-text\">Sout\u011b\u017ee d\u011bt\u00ed<\/span> <span class=\"meta-nav\">&rarr;<\/span><\/a><\/p>\n","protected":false},"author":1,"featured_media":0,"parent":47,"menu_order":3,"comment_status":"closed","ping_status":"closed","template":"page-templates\/full-width.php","meta":{"ngg_post_thumbnail":0,"footnotes":""},"class_list":["post-405","page","type-page","status-publish","hentry"],"_links":{"self":[{"href":"https:\/\/www.sdhmalahrastice.cz\/index.php?rest_route=\/wp\/v2\/pages\/405","targetHints":{"allow":["GET"]}}],"collection":[{"href":"https:\/\/www.sdhmalahrastice.cz\/index.php?rest_route=\/wp\/v2\/pages"}],"about":[{"href":"https:\/\/www.sdhmalahrastice.cz\/index.php?rest_route=\/wp\/v2\/types\/page"}],"author":[{"embeddable":true,"href":"https:\/\/www.sdhmalahrastice.cz\/index.php?rest_route=\/wp\/v2\/users\/1"}],"replies":[{"embeddable":true,"href":"https:\/\/www.sdhmalahrastice.cz\/index.php?rest_route=%2Fwp%2Fv2%2Fcomments&post=405"}],"version-history":[{"count":107,"href":"https:\/\/www.sdhmalahrastice.cz\/index.php?rest_route=\/wp\/v2\/pages\/405\/revisions"}],"predecessor-version":[{"id":5515,"href":"https:\/\/www.sdhmalahrastice.cz\/index.php?rest_route=\/wp\/v2\/pages\/405\/revisions\/5515"}],"up":[{"embeddable":true,"href":"https:\/\/www.sdhmalahrastice.cz\/index.php?rest_route=\/wp\/v2\/pages\/47"}],"wp:attachment":[{"href":"https:\/\/www.sdhmalahrastice.cz\/index.php?rest_route=%2Fwp%2Fv2%2Fmedia&parent=405"}],"curies":[{"name":"wp","href":"https:\/\/api.w.org\/{rel}","templated":true}]}}