{"id":47,"date":"2014-10-15T20:16:25","date_gmt":"2014-10-15T19:16:25","guid":{"rendered":"http:\/\/sdhmalahrastice.cz\/?page_id=47"},"modified":"2024-05-18T20:12:44","modified_gmt":"2024-05-18T19:12:44","slug":"deti","status":"publish","type":"page","link":"https:\/\/www.sdhmalahrastice.cz\/?page_id=47","title":{"rendered":"D\u011bti"},"content":{"rendered":"<h1 style=\"text-align: center;\">V\u00edtejte na str\u00e1nce t\u011bch nejmlad\u0161\u00edch z SDH\u00a0Mal\u00e1 Hra\u0161tice<\/h1>\n<p style=\"text-align: center;\"><strong><span style=\"color: #800080;\"><em>\u201eHasi\u010d mus\u00ed p\u0159ekonat svoje pohodl\u00ed,vrozen\u00e9 ka\u017ed\u00e9mu \u010dlov\u011bku a mus\u00ed p\u0159ekonat lhostejnost,se kterou se na jeho ob\u011btavost,state\u010dnost, sebezap\u0159en\u00ed a pracovitost<\/em> <em>skoro cel\u00fd sv\u011bt d\u00edv\u00e1.\u201c<\/em><\/span><\/strong><\/p>\n<p><a href=\"https:\/\/www.sdhmalahrastice.cz\/wp-content\/uploads\/2018\/11\/IMG-20180912-WA0014.jpg\"><img loading=\"lazy\" decoding=\"async\" class=\"alignnone size-full wp-image-3932\" src=\"https:\/\/www.sdhmalahrastice.cz\/wp-content\/uploads\/2018\/11\/IMG-20180912-WA0014.jpg\" alt=\"\" width=\"1600\" height=\"900\" srcset=\"https:\/\/www.sdhmalahrastice.cz\/wp-content\/uploads\/2018\/11\/IMG-20180912-WA0014.jpg 1600w, https:\/\/www.sdhmalahrastice.cz\/wp-content\/uploads\/2018\/11\/IMG-20180912-WA0014-300x169.jpg 300w, https:\/\/www.sdhmalahrastice.cz\/wp-content\/uploads\/2018\/11\/IMG-20180912-WA0014-768x432.jpg 768w, https:\/\/www.sdhmalahrastice.cz\/wp-content\/uploads\/2018\/11\/IMG-20180912-WA0014-1024x576.jpg 1024w\" sizes=\"auto, (max-width: 1600px) 100vw, 1600px\" \/><\/a><\/p>\n<h6 style=\"text-align: right; line-height: 16px; font-family: Tahoma, 'Lucida Grande CE', lucida, sans-serif;\" align=\"center\"><em><span style=\"color: #ff00ff; font-size: x-large;\"><b><span style=\"text-decoration: underline;\">Na\u0161e heslo: SDH=(j)Sem Dobrej Hasi\u010d.<\/span><\/b><\/span><\/em><span style=\"color: #ff00ff; font-size: x-large;\"><b><span style=\"text-decoration: underline;\"><br \/>\n<\/span><\/b><\/span><span style=\"color: #ff00ff;\"><a style=\"color: #ff00ff;\" href=\"http:\/\/www.detihrastice.estranky.cz\/clanky\/vylety-a-ruzne-akce\/pochod-hrastice---lecice.html\"><b><span style=\"text-decoration: underline;\">autor:Ka\u010dka Mikyskov\u00e1<\/span><\/b><\/a><\/span><\/h6>\n<h1 style=\"text-align: center;\"><span style=\"color: #ff0000;\"><a style=\"color: #ff0000;\" href=\"http:\/\/sdh-hrastice-deti.rajce.idnes.cz\/\"><span style=\"text-decoration: underline;\">V\u00edce na\u0161ich fotek <\/span><\/a><\/span><\/h1>\n<div><\/div>\n<p style=\"text-align: center;\">Jsme d\u011bti od 3 do 15 let, kter\u00e9 zaj\u00edm\u00e1 hasi\u010dina, b\u011bh\u00e1me po\u017e\u00e1rn\u00ed \u00fatok, p\u0159ek\u00e1\u017ekov\u00e9 b\u011bhy, u\u010d\u00edme se v\u00e1zat uzle, pozn\u00e1vat topografick\u00e9, grafick\u00e9\u00a0a dopravn\u00ed zna\u010dky, pracujeme s mapou a buzolou, zkou\u0161\u00edme ovl\u00e1dat z\u00e1klady prvn\u00ed pomoci, optickou signalizaci, po\u0159adovou p\u0159\u00edpravu\u00a0a mnoho dal\u0161\u00edho.<\/p>\n<p style=\"text-align: center;\">Sch\u00e1z\u00edme se pravideln\u011b ka\u017edou st\u0159edu od 16:00 do 17:00, pokud n\u00e1m to po\u010das\u00ed dovol\u00ed, tr\u00e9nujeme u Z\u0160 v Mal\u00e9 Hra\u0161tici, v zim\u011b se sch\u00e1z\u00edme v klubovn\u011b.<\/p>\n<address style=\"text-align: left;\">\n<table border=\"0\" width=\"453\" cellspacing=\"0\" cellpadding=\"0\">\n<tbody>\n<tr>\n<td class=\"xl69\" height=\"21\"><\/td>\n<td class=\"xl70\">\n<table border=\"0\" width=\"453\" cellspacing=\"0\" cellpadding=\"0\">\n<tbody>\n<tr>\n<td class=\"xl73\" height=\"20\">\n<h6><strong>Vedouc\u00ed:<\/strong><\/h6>\n<\/td>\n<td class=\"xl74\">\n<h6>Jakub Bart\u00e1k, tel: 739 118 431<\/h6>\n<\/td>\n<\/tr>\n<\/tbody>\n<\/table>\n<\/td>\n<\/tr>\n<tr>\n<td class=\"xl73\" height=\"20\"><\/td>\n<td class=\"xl74\">\n<table border=\"0\" width=\"453\" cellspacing=\"0\" cellpadding=\"0\">\n<tbody>\n<tr>\n<td class=\"xl69\" height=\"21\">\n<h6><strong>Vedouc\u00ed<\/strong>:<\/h6>\n<\/td>\n<td class=\"xl70\">\n<h6>Beranov\u00e1 Kate\u0159ina, tel: 737 428 339, khouskova@seznam.cz<\/h6>\n<\/td>\n<\/tr>\n<\/tbody>\n<\/table>\n<\/td>\n<\/tr>\n<tr>\n<td class=\"xl73\" height=\"20\"><\/td>\n<td class=\"xl74\"><\/td>\n<\/tr>\n<tr>\n<td class=\"xl73\" height=\"20\"><\/td>\n<td class=\"xl74\">\n<table border=\"0\" width=\"453\" cellspacing=\"0\" cellpadding=\"0\">\n<tbody>\n<tr>\n<td class=\"xl69\" height=\"21\"><\/td>\n<td class=\"xl70\"><\/td>\n<\/tr>\n<\/tbody>\n<\/table>\n<\/td>\n<\/tr>\n<\/tbody>\n<\/table>\n<\/address>\n","protected":false},"excerpt":{"rendered":"<p>V\u00edtejte na str\u00e1nce t\u011bch nejmlad\u0161\u00edch z SDH\u00a0Mal\u00e1 Hra\u0161tice \u201eHasi\u010d mus\u00ed p\u0159ekonat svoje pohodl\u00ed,vrozen\u00e9 ka\u017ed\u00e9mu \u010dlov\u011bku a mus\u00ed p\u0159ekonat lhostejnost,se kterou se na jeho ob\u011btavost,state\u010dnost, sebezap\u0159en\u00ed a pracovitost skoro cel\u00fd sv\u011bt d\u00edv\u00e1.\u201c Na\u0161e heslo: SDH=(j)Sem Dobrej Hasi\u010d. autor:Ka\u010dka Mikyskov\u00e1 V\u00edce na\u0161ich fotek Jsme d\u011bti od 3 do 15 let, kter\u00e9 zaj\u00edm\u00e1 hasi\u010dina, b\u011bh\u00e1me po\u017e\u00e1rn\u00ed \u00fatok, p\u0159ek\u00e1\u017ekov\u00e9 &hellip; <a href=\"https:\/\/www.sdhmalahrastice.cz\/?page_id=47\" class=\"more-link\">Pokra\u010dov\u00e1n\u00ed textu <span class=\"screen-reader-text\">D\u011bti<\/span> <span class=\"meta-nav\">&rarr;<\/span><\/a><\/p>\n","protected":false},"author":1,"featured_media":0,"parent":0,"menu_order":5,"comment_status":"closed","ping_status":"closed","template":"page-templates\/full-width.php","meta":{"ngg_post_thumbnail":0,"footnotes":""},"class_list":["post-47","page","type-page","status-publish","hentry"],"_links":{"self":[{"href":"https:\/\/www.sdhmalahrastice.cz\/index.php?rest_route=\/wp\/v2\/pages\/47","targetHints":{"allow":["GET"]}}],"collection":[{"href":"https:\/\/www.sdhmalahrastice.cz\/index.php?rest_route=\/wp\/v2\/pages"}],"about":[{"href":"https:\/\/www.sdhmalahrastice.cz\/index.php?rest_route=\/wp\/v2\/types\/page"}],"author":[{"embeddable":true,"href":"https:\/\/www.sdhmalahrastice.cz\/index.php?rest_route=\/wp\/v2\/users\/1"}],"replies":[{"embeddable":true,"href":"https:\/\/www.sdhmalahrastice.cz\/index.php?rest_route=%2Fwp%2Fv2%2Fcomments&post=47"}],"version-history":[{"count":13,"href":"https:\/\/www.sdhmalahrastice.cz\/index.php?rest_route=\/wp\/v2\/pages\/47\/revisions"}],"predecessor-version":[{"id":5361,"href":"https:\/\/www.sdhmalahrastice.cz\/index.php?rest_route=\/wp\/v2\/pages\/47\/revisions\/5361"}],"wp:attachment":[{"href":"https:\/\/www.sdhmalahrastice.cz\/index.php?rest_route=%2Fwp%2Fv2%2Fmedia&parent=47"}],"curies":[{"name":"wp","href":"https:\/\/api.w.org\/{rel}","templated":true}]}}