{"id":488,"date":"2014-10-30T12:24:39","date_gmt":"2014-10-30T11:24:39","guid":{"rendered":"http:\/\/sdhmalahrastice.cz\/?page_id=488"},"modified":"2018-10-02T19:31:29","modified_gmt":"2018-10-02T18:31:29","slug":"vylety-a-ruzne-akce","status":"publish","type":"page","link":"https:\/\/www.sdhmalahrastice.cz\/?page_id=488","title":{"rendered":"V\u00fdlety a r\u016fzn\u00e9 akce"},"content":{"rendered":"<h5>V\u00fdlety a r\u016fzn\u00e9 dal\u0161\u00ed akce na\u0161ich d\u011bt\u00ed<\/h5>\n<p><a href=\"https:\/\/www.sdhmalahrastice.cz\/?p=3866\">14.9.2018 &#8211; V z\u00e1\u0159\u00ed sv\u011btlu\u0161ky z\u00e1\u0159\u00ed<\/a><\/p>\n<p><a href=\"https:\/\/www.sdhmalahrastice.cz\/?p=3733\">16.5.2018 &#8211; \u010cesk\u00fd den proti rakovin\u011b\u00a0<\/a><\/p>\n<p><a href=\"https:\/\/www.sdhmalahrastice.cz\/?p=3667\">14.2.2018 &#8211; Pln\u011bn\u00ed odbornost\u00ed a specializac\u00ed<\/a><\/p>\n<p><a href=\"https:\/\/www.sdhmalahrastice.cz\/?m=201712\">13.12.2017 &#8211; V\u00e1no\u010dn\u00ed hasi\u010d\u00e1k<\/a><\/p>\n<p><a href=\"http:\/\/sdhmalahrastice.cz\/?p=3196\">10. 5. 2017 &#8211; \u010cesk\u00fd den proti rakovin\u011b<\/a><\/p>\n<p><a href=\"http:\/\/sdhmalahrastice.cz\/?p=3172\">30. 4. 2017 &#8211; Zdoben\u00ed m\u00e1jky<\/a><\/p>\n<p><a href=\"http:\/\/sdhmalahrastice.cz\/?p=3191\">15. 2. 2017 &#8211; Pln\u011bn\u00ed odznak\u016f odbornost\u00ed<\/a><\/p>\n<p>8. 2. 2017 &#8211; Sb\u011br pap\u00edru<\/p>\n<p><a href=\"http:\/\/sdhmalahrastice.cz\/?p=3188\">7. 12. 2016 &#8211; V\u00e1no\u010dn\u00ed hasi\u010d\u00e1k<\/a><\/p>\n<p><a href=\"http:\/\/sdhmalahrastice.cz\/?p=2783\">12. 9. 2016 &#8211; V z\u00e1\u0159\u00ed sv\u011btlu\u0161ky z\u00e1\u0159\u00ed<\/a><\/p>\n<p><a href=\"http:\/\/sdhmalahrastice.cz\/?p=2455\">11. 5. 2016 &#8211; Liga proti rakovin\u011b<\/a><\/p>\n<p><a href=\"http:\/\/sdhmalahrastice.cz\/?p=2328\">24. 2. 2016 &#8211; Pln\u011bn\u00ed odznak\u016f odbornost\u00ed a specializac\u00ed<\/a><\/p>\n<p><a href=\"http:\/\/sdhmalahrastice.cz\/?p=2231\">20. 2. 2016 &#8211; V\u00fdlet do HZS Mod\u0159any<\/a><\/p>\n<p><a href=\"http:\/\/sdhmalahrastice.cz\/?p=2183\">27. 1. 2016 &#8211; malov\u00e1n\u00ed panenek Kiwanis<\/a><\/p>\n<p><a href=\"http:\/\/sdhmalahrastice.cz\/?p=2101\">16. 12. 2015 &#8211; V\u00e1no\u010dn\u00ed hasi\u010d\u00e1k<\/a><\/p>\n<p><a href=\"http:\/\/sdhmalahrastice.cz\/?p=1986\">7.9.2015 &#8211; V z\u00e1\u0159\u00ed Sv\u011btlu\u0161ky z\u00e1\u0159\u00ed<\/a><\/p>\n<p><a href=\"http:\/\/sdhmalahrastice.cz\/?p=1640\">13.5.2015 &#8211; Liga proti rakovin\u011b<\/a><\/p>\n<p><a href=\"http:\/\/sdhmalahrastice.cz\/?p=1636\">10.5.2015 &#8211; Pochod na Tu\u0161im\u00e1k<\/a><\/p>\n<p><a href=\"http:\/\/sdhmalahrastice.cz\/?p=1569\">25.4.2015 &#8211; Pochod do Mn\u00ed\u0161ku<\/a><\/p>\n<p><a href=\"http:\/\/sdhmalahrastice.cz\/?p=1273\">28.3.2015 &#8211; Pochod do Le\u010dic a zp\u011bt<\/a><\/p>\n<p><a href=\"http:\/\/sdhmalahrastice.cz\/?p=1298\">16. 3. 2015 &#8211; Jarn\u00ed srd\u00ed\u010dkov\u00e9 dny<\/a><\/p>\n<p><a href=\"http:\/\/sdhmalahrastice.cz\/?p=1178\">25.2.2015 &#8211; Pln\u011bn\u00ed odznak\u016f odbornost\u00ed<\/a><\/p>\n<p><a href=\"http:\/\/sdhmalahrastice.cz\/?p=508\">B\u0159ezen &#8211; Z\u00e1\u0159\u00ed 2014 &#8211; Srd\u00ed\u010dkov\u00fd den, Den proti rakovin\u011b, Sv\u011btlu\u0161ka<\/a><\/p>\n<p><a href=\"http:\/\/sdhmalahrastice.cz\/?p=506\">26. 2. 2014 &#8211; Odznaky odbornost\u00ed<\/a><\/p>\n<p><a href=\"http:\/\/sdhmalahrastice.cz\/?p=504\">19. 2. 2014 &#8211; Sb\u011br pap\u00edru<\/a><\/p>\n<p><a href=\"http:\/\/sdhmalahrastice.cz\/?p=502\">28. 9. 2013 &#8211; Skanzen P\u0159erov n. Labem, ZOO Chleby, Z\u00e1mek Lou\u010de\u0148<\/a><\/p>\n<p><a href=\"http:\/\/sdhmalahrastice.cz\/?p=500\">20. 9. 2013 &#8211; Srd\u00ed\u010dkov\u00fd den<\/a><\/p>\n<p><a href=\"http:\/\/sdhmalahrastice.cz\/?p=498\">9. 9. + 10. 9. 2013 &#8211; V z\u00e1\u0159\u00ed sv\u011btlu\u0161ky z\u00e1\u0159\u00ed<\/a><\/p>\n<p><a href=\"http:\/\/sdhmalahrastice.cz\/?p=496\">23. 6. 2013 &#8211; Pochod Hra\u0161tice &#8211; Le\u010dice<\/a><\/p>\n<p><a href=\"http:\/\/sdhmalahrastice.cz\/?p=494\">15. 5. 2013 &#8211; \u010cesk\u00fd den proti rakovin\u011b<\/a><\/p>\n<p><a href=\"http:\/\/sdhmalahrastice.cz\/?p=492\">25. 10. 2012 &#8211; V\u00fdlet k hasi\u010d\u016fm do Mn\u00ed\u0161ku pod Brdy<\/a><\/p>\n<p><a href=\"http:\/\/sdhmalahrastice.cz\/?p=490\">5. 7. 2012 &#8211; Pochod na Tu\u0161im\u00e1k<\/a><\/p>\n","protected":false},"excerpt":{"rendered":"<p>V\u00fdlety a r\u016fzn\u00e9 dal\u0161\u00ed akce na\u0161ich d\u011bt\u00ed 14.9.2018 &#8211; V z\u00e1\u0159\u00ed sv\u011btlu\u0161ky z\u00e1\u0159\u00ed 16.5.2018 &#8211; \u010cesk\u00fd den proti rakovin\u011b\u00a0 14.2.2018 &#8211; Pln\u011bn\u00ed odbornost\u00ed a specializac\u00ed 13.12.2017 &#8211; V\u00e1no\u010dn\u00ed hasi\u010d\u00e1k 10. 5. 2017 &#8211; \u010cesk\u00fd den proti rakovin\u011b 30. 4. 2017 &#8211; Zdoben\u00ed m\u00e1jky 15. 2. 2017 &#8211; Pln\u011bn\u00ed odznak\u016f odbornost\u00ed 8. 2. 2017 &#8211; Sb\u011br &hellip; <a href=\"https:\/\/www.sdhmalahrastice.cz\/?page_id=488\" class=\"more-link\">Pokra\u010dov\u00e1n\u00ed textu <span class=\"screen-reader-text\">V\u00fdlety a r\u016fzn\u00e9 akce<\/span> <span class=\"meta-nav\">&rarr;<\/span><\/a><\/p>\n","protected":false},"author":2,"featured_media":0,"parent":47,"menu_order":4,"comment_status":"closed","ping_status":"closed","template":"page-templates\/full-width.php","meta":{"ngg_post_thumbnail":0,"footnotes":""},"class_list":["post-488","page","type-page","status-publish","hentry"],"_links":{"self":[{"href":"https:\/\/www.sdhmalahrastice.cz\/index.php?rest_route=\/wp\/v2\/pages\/488","targetHints":{"allow":["GET"]}}],"collection":[{"href":"https:\/\/www.sdhmalahrastice.cz\/index.php?rest_route=\/wp\/v2\/pages"}],"about":[{"href":"https:\/\/www.sdhmalahrastice.cz\/index.php?rest_route=\/wp\/v2\/types\/page"}],"author":[{"embeddable":true,"href":"https:\/\/www.sdhmalahrastice.cz\/index.php?rest_route=\/wp\/v2\/users\/2"}],"replies":[{"embeddable":true,"href":"https:\/\/www.sdhmalahrastice.cz\/index.php?rest_route=%2Fwp%2Fv2%2Fcomments&post=488"}],"version-history":[{"count":26,"href":"https:\/\/www.sdhmalahrastice.cz\/index.php?rest_route=\/wp\/v2\/pages\/488\/revisions"}],"predecessor-version":[{"id":3872,"href":"https:\/\/www.sdhmalahrastice.cz\/index.php?rest_route=\/wp\/v2\/pages\/488\/revisions\/3872"}],"up":[{"embeddable":true,"href":"https:\/\/www.sdhmalahrastice.cz\/index.php?rest_route=\/wp\/v2\/pages\/47"}],"wp:attachment":[{"href":"https:\/\/www.sdhmalahrastice.cz\/index.php?rest_route=%2Fwp%2Fv2%2Fmedia&parent=488"}],"curies":[{"name":"wp","href":"https:\/\/api.w.org\/{rel}","templated":true}]}}